{"id":157,"date":"2015-04-15T07:04:06","date_gmt":"2015-04-15T07:04:06","guid":{"rendered":"https:\/\/www.orthodontist-dubai.com\/?page_id=157"},"modified":"2023-10-20T13:15:00","modified_gmt":"2023-10-20T09:15:00","slug":"crowns-and-bridges","status":"publish","type":"page","link":"https:\/\/www.orthodontist-dubai.com\/es\/coronas-y-puentes\/","title":{"rendered":"Coronas dentales y puentes dentales"},"content":{"rendered":"<p>Estos son <strong>dispositivos prot\u00e9sicos fijos<\/strong> realizado por <strong>dentistas<\/strong>. No son removibles como <strong>dentadura postiza<\/strong> y son <strong>cementado a sus dientes o implantes existentes<\/strong>. S\u00f3lo los dentistas pueden eliminarlos. Las coronas dentales se utilizan para proteger los dientes da\u00f1ados o debilitados. Las coronas dentales tambi\u00e9n se llaman \u201c<em>gorros dentales<\/em>\u201d. Son \u201ctapas\u201d con forma de diente que su dentista fabrica a medida y se colocan sobre el diente preparado. Las coronas dentales cubren el diente desde la l\u00ednea de las enc\u00edas hasta la superficie de mordida.<\/p>\n<p><img decoding=\"async\" class=\"aligncenter lazyload\" data-src=\"https:\/\/www.orthodontist-dubai.com\/wp-content\/uploads\/2023\/10\/Dental-Crown-Bridges-in-Dubai-UAE-Before-After-treatment-pictures.jpg\" alt=\"Coronas y puentes dentales en Dubai, Emiratos \u00c1rabes Unidos, im\u00e1genes de antes y despu\u00e9s del tratamiento\" width=\"1016\" height=\"867\" src=\"data:image\/svg+xml;base64,PHN2ZyB3aWR0aD0iMSIgaGVpZ2h0PSIxIiB4bWxucz0iaHR0cDovL3d3dy53My5vcmcvMjAwMC9zdmciPjwvc3ZnPg==\" style=\"--smush-placeholder-width: 1016px; --smush-placeholder-aspect-ratio: 1016\/867;\" \/><\/p>\n<h2><b>\u00bfC\u00f3mo funcionan las coronas dentales?<\/b><\/h2>\n<p>Las coronas cubren por completo un diente da\u00f1ado (<strong>tapas dentales)<\/strong>. Eso<strong> endereza el diente da\u00f1ado<\/strong> y tambi\u00e9n<strong> mejora la apariencia, la forma y la alineaci\u00f3n<\/strong>. Tambi\u00e9n se puede colocar una corona sobre un implante para proporcionar forma y funcionalidad. <strong>Porcelana<\/strong> o <strong>coronas de ceramica<\/strong> est\u00e1n hechos para combinar con el color de su diente. Tambi\u00e9n se pueden fabricar en aleaciones de oro y metal, acr\u00edlico y cer\u00e1mica. La ventaja es que son m\u00e1s fuertes que los de cer\u00e1mica y se recomiendan para dientes posteriores. La alternativa es la porcelana adherida a un metal para dar un aspecto est\u00e9ticamente superior mejorado.<\/p>\n<h2><b>\u00bfC\u00f3mo funcionan los puentes dentales?<\/b><\/h2>\n<p>Si le falta un diente, esos espacios se pueden llenar con puentes. La ventaja es que corrigen el desequilibrio y protegen a otros dientes para que no se desalineen, ya que los espacios vac\u00edos pueden causar una mala mordida. Tambi\u00e9n se pueden prevenir la enfermedad de las enc\u00edas y los trastornos de la articulaci\u00f3n temporomandibular. La porcelana se puede utilizar para dar un aspecto natural.<\/p>\n<h3>\u00bfCu\u00e1les son las ventajas de las coronas dentales?<\/h3>\n<p>1. Las coronas dentales se utilizan para proteger los dientes d\u00e9biles o aquellos que tienen da\u00f1os como grandes caries o fracturas. A veces se utilizan despu\u00e9s del procedimiento de conducto radicular. Al revestir el diente se pueden prevenir da\u00f1os mayores y tambi\u00e9n se puede mantener la integridad estructural del diente.<br \/>\n2. Las coronas dentales est\u00e1n dise\u00f1adas para parecerse exactamente a su diente natural, ayud\u00e1ndolo con la funci\u00f3n normal de morder y masticar.<br \/>\n3. Las coronas dentales hechas de porcelana del color de los dientes pueden mejorar la apariencia general de un diente haci\u00e9ndolo lucir muy natural.<br \/>\n4. Las coronas dentales se utilizan para anclar puentes dentales dise\u00f1ados para cerrar el espacio creado por los dientes faltantes en la boca. Estas coronas dentales en dientes sanos cercanos sostienen los puentes dentales.<br \/>\n5. Las coronas dentales tambi\u00e9n se utilizan para cubrir implantes dentales.<\/p>\n<h3>\u00bfCu\u00e1les son los tipos de materiales utilizados para fabricar las coronas dentales?<\/h3>\n<p>Hay muchos tipos de materiales utilizados para las coronas dentales y se eligen en funci\u00f3n de factores como la ubicaci\u00f3n del diente que necesita la corona dental, las preferencias personales del paciente y tambi\u00e9n la recomendaci\u00f3n de su dentista.<\/p>\n<p><img decoding=\"async\" class=\"aligncenter size-full wp-image-2121 lazyload\" data-src=\"https:\/\/www.orthodontist-dubai.com\/wp-content\/uploads\/2023\/10\/Types-of-Dental-Crowns-in-Dubai-UAE.jpg\" alt=\"Tipos de coronas dentales en Dubai, Emiratos \u00c1rabes Unidos\" width=\"840\" height=\"259\" data-srcset=\"https:\/\/www.orthodontist-dubai.com\/wp-content\/uploads\/2023\/10\/Types-of-Dental-Crowns-in-Dubai-UAE.jpg 840w, https:\/\/www.orthodontist-dubai.com\/wp-content\/uploads\/2023\/10\/Types-of-Dental-Crowns-in-Dubai-UAE-300x93.jpg 300w, https:\/\/www.orthodontist-dubai.com\/wp-content\/uploads\/2023\/10\/Types-of-Dental-Crowns-in-Dubai-UAE-768x237.jpg 768w, https:\/\/www.orthodontist-dubai.com\/wp-content\/uploads\/2023\/10\/Types-of-Dental-Crowns-in-Dubai-UAE-18x6.jpg 18w\" data-sizes=\"(max-width: 840px) 100vw, 840px\" src=\"data:image\/svg+xml;base64,PHN2ZyB3aWR0aD0iMSIgaGVpZ2h0PSIxIiB4bWxucz0iaHR0cDovL3d3dy53My5vcmcvMjAwMC9zdmciPjwvc3ZnPg==\" style=\"--smush-placeholder-width: 840px; --smush-placeholder-aspect-ratio: 840\/259;\" \/><\/p>\n<p><strong> Los tipos de materiales utilizados para la elaboraci\u00f3n de coronas dentales son:<\/strong><\/p>\n<p>1. <strong>Porcelana:<\/strong> Las coronas de porcelana se ven muy naturales y su dentista puede hacerlas para que combinen con el color de sus dientes existentes. Se recomiendan para los dientes frontales.<br \/>\n2. <strong>Metal:<\/strong> Las coronas de metal suelen estar hechas de aleaciones que contienen oro. Son muy fuertes y duraderos a largo plazo. Se utilizan principalmente para los dientes de la parte posterior de la boca (como los molares).<br \/>\n3. <strong>Porcelana fundida sobre metal (PFM)<\/strong>: Estas coronas dentales combinan la resistencia del metal con la apariencia est\u00e9tica del color del diente que brinda el material de porcelana. Son adecuados tanto para los dientes anteriores como para los posteriores.<br \/>\n4. <strong>Todo de cer\u00e1mica o todo de porcelana<\/strong>: Estas coronas est\u00e1n hechas \u00edntegramente de material de porcelana y dan una apariencia muy natural. Muchos los eligen por sus dientes frontales.<br \/>\n5. <strong>Coronas de circonio:<\/strong> Est\u00e1n hechos de di\u00f3xido de circonio (tambi\u00e9n conocido como circonita), que es un material cer\u00e1mico muy resistente y duradero. La diferencia entre las coronas de circonio y las coronas de porcelana es que el material de porcelana es m\u00e1s transl\u00facido y puede dar una apariencia muy natural, mientras que el circonio no es tan transl\u00facido como para imitar un diente natural bajo ciertas condiciones de iluminaci\u00f3n.<\/p>\n<p>La elecci\u00f3n del material de la corona dental depende de varios factores como la ubicaci\u00f3n del diente que necesita la corona dental, las preferencias del paciente y tambi\u00e9n la recomendaci\u00f3n de su dentista.<\/p>\n<h3>\u00bfCu\u00e1les son el proceso paso a paso para obtener coronas dentales en Dubai, Emiratos \u00c1rabes Unidos?<\/h3>\n<p>1. Consiga una cita de consulta inicial con nuestro dentista en Dubai para examinar su diente. El dentista comprobar\u00e1 y sugerir\u00e1 opciones y alternativas de tratamiento disponibles seg\u00fan el estado actual de su diente, su historial dental, etc. <a href=\"https:\/\/www.orthodontist-dubai.com\/es\/contactenos\/\">Cont\u00e1ctenos<\/a> para programar una consulta gratuita y GRATUITA para obtener su corona dental en nuestra cl\u00ednica en Dubai, Emiratos \u00c1rabes Unidos.<\/p>\n<p>2. Radiograf\u00edas e impresiones: su dentista puede tomar <a href=\"\/es\/_wp_link_placeholder\/\" data-wplink-edit=\"true\">radiograf\u00edas dentales<\/a> de su diente afectado para analizar el nivel actual de da\u00f1o o caries y tambi\u00e9n para evaluar la condici\u00f3n del hueso circundante. Su dentista tomar\u00e1 una impresi\u00f3n de su diente y su \u00e1rea circundante.<\/p>\n<p>3. Preparaci\u00f3n del diente: Si el da\u00f1o a su diente actual es severo, su dentista le remodelar\u00e1 eliminando una porci\u00f3n de su capa externa para dejar espacio para la corona dental.<\/p>\n<p>4. Corona temporal y fabricaci\u00f3n de corona: El siguiente paso es la colocaci\u00f3n de una corona temporal para ayudar a proteger el diente cuando la corona permanente se fabrica a medida en el laboratorio dental utilizando las impresiones tomadas en los pasos anteriores. Mientras tanto, una corona temporal tambi\u00e9n ayuda a mantener la funcionalidad y apariencia de su diente (ya que el proceso de fabricaci\u00f3n de la corona puede demorar al menos una semana).<\/p>\n<p>5. Ajuste de la corona dental permanente: una vez que su corona permanente est\u00e9 lista en el laboratorio, su dentista programar\u00e1 una cita para arreglarla. Se le quitar\u00e1 la corona temporal y su dentista verificar\u00e1 el ajuste, el color, la forma y la alineaci\u00f3n de la corona permanente con su mordida natural. Cementar\u00e1 la corona permanente en su lugar usando un adhesivo dental y har\u00e1 ajustes para garantizar que se sienta c\u00f3moda y natural para el paciente. Y luego se pule la corona para que parezca un diente natural.<\/p>\n<p>6. Cuidado posterior al tratamiento: siga una buena higiene bucal para que su corona dental dure m\u00e1s y siga las instrucciones dadas por su dentista despu\u00e9s del tratamiento. Es bueno evitar fumar, comer alimentos duros y pegajosos, rechinar los dientes por la noche, etc. Si siente que la corona se afloja, consulte con su dentista de inmediato y no intente ajustarla usted mismo.<\/p>","protected":false},"excerpt":{"rendered":"<p>These are fixed prosthetic devices done by dentists. They are not removable like dentures and are cemented to your existing teeth or implants. They can be removed only by dentists. Dental crowns are used to protect damaged or weakened tooth. Dental crowns are also called as \u201cdental caps\u201d. They are tooth shaped &#8220;caps&#8221; that are [&hellip;]<\/p>\n","protected":false},"author":1,"featured_media":0,"parent":0,"menu_order":0,"comment_status":"closed","ping_status":"closed","template":"","meta":{"site-sidebar-layout":"default","site-content-layout":"","ast-site-content-layout":"default","site-content-style":"default","site-sidebar-style":"default","ast-global-header-display":"","ast-banner-title-visibility":"","ast-main-header-display":"","ast-hfb-above-header-display":"","ast-hfb-below-header-display":"","ast-hfb-mobile-header-display":"","site-post-title":"","ast-breadcrumbs-content":"","ast-featured-img":"","footer-sml-layout":"","ast-disable-related-posts":"","theme-transparent-header-meta":"","adv-header-id-meta":"","stick-header-meta":"","header-above-stick-meta":"","header-main-stick-meta":"","header-below-stick-meta":"","astra-migrate-meta-layouts":"set","ast-page-background-enabled":"default","ast-page-background-meta":{"desktop":{"background-color":"var(--ast-global-color-4)","background-image":"","background-repeat":"repeat","background-position":"center center","background-size":"auto","background-attachment":"scroll","background-type":"","background-media":"","overlay-type":"","overlay-color":"","overlay-opacity":"","overlay-gradient":""},"tablet":{"background-color":"","background-image":"","background-repeat":"repeat","background-position":"center center","background-size":"auto","background-attachment":"scroll","background-type":"","background-media":"","overlay-type":"","overlay-color":"","overlay-opacity":"","overlay-gradient":""},"mobile":{"background-color":"","background-image":"","background-repeat":"repeat","background-position":"center center","background-size":"auto","background-attachment":"scroll","background-type":"","background-media":"","overlay-type":"","overlay-color":"","overlay-opacity":"","overlay-gradient":""}},"ast-content-background-meta":{"desktop":{"background-color":"var(--ast-global-color-5)","background-image":"","background-repeat":"repeat","background-position":"center center","background-size":"auto","background-attachment":"scroll","background-type":"","background-media":"","overlay-type":"","overlay-color":"","overlay-opacity":"","overlay-gradient":""},"tablet":{"background-color":"var(--ast-global-color-5)","background-image":"","background-repeat":"repeat","background-position":"center center","background-size":"auto","background-attachment":"scroll","background-type":"","background-media":"","overlay-type":"","overlay-color":"","overlay-opacity":"","overlay-gradient":""},"mobile":{"background-color":"var(--ast-global-color-5)","background-image":"","background-repeat":"repeat","background-position":"center center","background-size":"auto","background-attachment":"scroll","background-type":"","background-media":"","overlay-type":"","overlay-color":"","overlay-opacity":"","overlay-gradient":""}},"footnotes":""},"class_list":["post-157","page","type-page","status-publish","hentry"],"yoast_head":"<!-- This site is optimized with the Yoast SEO plugin v27.5 - https:\/\/yoast.com\/product\/yoast-seo-wordpress\/ -->\n<title>DENTAL CROWNS IN DUBAI | DENTAL BRIDGES<\/title>\n<meta name=\"robots\" content=\"index, follow, max-snippet:-1, max-image-preview:large, max-video-preview:-1\" \/>\n<link rel=\"canonical\" href=\"https:\/\/www.orthodontist-dubai.com\/es\/coronas-y-puentes\/\" \/>\n<meta property=\"og:locale\" content=\"es_ES\" \/>\n<meta property=\"og:type\" content=\"article\" \/>\n<meta property=\"og:title\" content=\"DENTAL CROWNS IN DUBAI | DENTAL BRIDGES\" \/>\n<meta property=\"og:description\" content=\"These are fixed prosthetic devices done by dentists. They are not removable like dentures and are cemented to your existing teeth or implants. They can be removed only by dentists. Dental crowns are used to protect damaged or weakened tooth. Dental crowns are also called as \u201cdental caps\u201d. They are tooth shaped &#8220;caps&#8221; that are [&hellip;]\" \/>\n<meta property=\"og:url\" content=\"https:\/\/www.orthodontist-dubai.com\/es\/coronas-y-puentes\/\" \/>\n<meta property=\"og:site_name\" content=\"BEST Orthodontist &amp; Dentist in Dubai UAE for all Dental Treatments\" \/>\n<meta property=\"article:publisher\" content=\"https:\/\/www.facebook.com\/Orthodontist.Dentist.Dubai\/\" \/>\n<meta property=\"article:modified_time\" content=\"2023-10-20T09:15:00+00:00\" \/>\n<meta property=\"og:image\" content=\"https:\/\/www.orthodontist-dubai.com\/wp-content\/uploads\/2023\/10\/Dental-Crown-Bridges-in-Dubai-UAE-Before-After-treatment-pictures.jpg\" \/>\n<meta name=\"twitter:card\" content=\"summary_large_image\" \/>\n<meta name=\"twitter:label1\" content=\"Tiempo de lectura\" \/>\n\t<meta name=\"twitter:data1\" content=\"5 minutos\" \/>\n<script type=\"application\/ld+json\" class=\"yoast-schema-graph\">{\"@context\":\"https:\\\/\\\/schema.org\",\"@graph\":[{\"@type\":\"WebPage\",\"@id\":\"https:\\\/\\\/www.orthodontist-dubai.com\\\/crowns-and-bridges\\\/\",\"url\":\"https:\\\/\\\/www.orthodontist-dubai.com\\\/crowns-and-bridges\\\/\",\"name\":\"DENTAL CROWNS IN DUBAI | DENTAL BRIDGES\",\"isPartOf\":{\"@id\":\"https:\\\/\\\/www.orthodontist-dubai.com\\\/#website\"},\"primaryImageOfPage\":{\"@id\":\"https:\\\/\\\/www.orthodontist-dubai.com\\\/crowns-and-bridges\\\/#primaryimage\"},\"image\":{\"@id\":\"https:\\\/\\\/www.orthodontist-dubai.com\\\/crowns-and-bridges\\\/#primaryimage\"},\"thumbnailUrl\":\"https:\\\/\\\/www.orthodontist-dubai.com\\\/wp-content\\\/uploads\\\/2023\\\/10\\\/Dental-Crown-Bridges-in-Dubai-UAE-Before-After-treatment-pictures.jpg\",\"datePublished\":\"2015-04-15T07:04:06+00:00\",\"dateModified\":\"2023-10-20T09:15:00+00:00\",\"breadcrumb\":{\"@id\":\"https:\\\/\\\/www.orthodontist-dubai.com\\\/crowns-and-bridges\\\/#breadcrumb\"},\"inLanguage\":\"es\",\"potentialAction\":[{\"@type\":\"ReadAction\",\"target\":[\"https:\\\/\\\/www.orthodontist-dubai.com\\\/crowns-and-bridges\\\/\"]}]},{\"@type\":\"ImageObject\",\"inLanguage\":\"es\",\"@id\":\"https:\\\/\\\/www.orthodontist-dubai.com\\\/crowns-and-bridges\\\/#primaryimage\",\"url\":\"https:\\\/\\\/www.orthodontist-dubai.com\\\/wp-content\\\/uploads\\\/2023\\\/10\\\/Dental-Crown-Bridges-in-Dubai-UAE-Before-After-treatment-pictures.jpg\",\"contentUrl\":\"https:\\\/\\\/www.orthodontist-dubai.com\\\/wp-content\\\/uploads\\\/2023\\\/10\\\/Dental-Crown-Bridges-in-Dubai-UAE-Before-After-treatment-pictures.jpg\"},{\"@type\":\"BreadcrumbList\",\"@id\":\"https:\\\/\\\/www.orthodontist-dubai.com\\\/crowns-and-bridges\\\/#breadcrumb\",\"itemListElement\":[{\"@type\":\"ListItem\",\"position\":1,\"name\":\"\u2776 Home\",\"item\":\"https:\\\/\\\/www.orthodontist-dubai.com\\\/\"},{\"@type\":\"ListItem\",\"position\":2,\"name\":\"Dental Crown and Dental Bridges\"}]},{\"@type\":\"WebSite\",\"@id\":\"https:\\\/\\\/www.orthodontist-dubai.com\\\/#website\",\"url\":\"https:\\\/\\\/www.orthodontist-dubai.com\\\/\",\"name\":\"BEST Orthodontist &amp; Dentist in Dubai UAE for all Dental Treatments\",\"description\":\"Cheap &amp; Best Orthodontist &amp; Dentists for all dental treatments in Dubai UAE\",\"publisher\":{\"@id\":\"https:\\\/\\\/www.orthodontist-dubai.com\\\/#organization\"},\"potentialAction\":[{\"@type\":\"SearchAction\",\"target\":{\"@type\":\"EntryPoint\",\"urlTemplate\":\"https:\\\/\\\/www.orthodontist-dubai.com\\\/?s={search_term_string}\"},\"query-input\":{\"@type\":\"PropertyValueSpecification\",\"valueRequired\":true,\"valueName\":\"search_term_string\"}}],\"inLanguage\":\"es\"},{\"@type\":\"Organization\",\"@id\":\"https:\\\/\\\/www.orthodontist-dubai.com\\\/#organization\",\"name\":\"Best Orthodontist & Dentist in Dubai UAE\",\"url\":\"https:\\\/\\\/www.orthodontist-dubai.com\\\/\",\"logo\":{\"@type\":\"ImageObject\",\"inLanguage\":\"es\",\"@id\":\"https:\\\/\\\/www.orthodontist-dubai.com\\\/#\\\/schema\\\/logo\\\/image\\\/\",\"url\":\"https:\\\/\\\/www.orthodontist-dubai.com\\\/wp-content\\\/uploads\\\/2015\\\/04\\\/Othorontist-Dentist-UAE-Logo.png\",\"contentUrl\":\"https:\\\/\\\/www.orthodontist-dubai.com\\\/wp-content\\\/uploads\\\/2015\\\/04\\\/Othorontist-Dentist-UAE-Logo.png\",\"width\":190,\"height\":70,\"caption\":\"Best Orthodontist & Dentist in Dubai UAE\"},\"image\":{\"@id\":\"https:\\\/\\\/www.orthodontist-dubai.com\\\/#\\\/schema\\\/logo\\\/image\\\/\"},\"sameAs\":[\"https:\\\/\\\/www.facebook.com\\\/Orthodontist.Dentist.Dubai\\\/\",\"https:\\\/\\\/www.linkedin.com\\\/in\\\/dr-nazeer-ahmed-meeran-15691083\\\/\"]}]}<\/script>\n<!-- \/ Yoast SEO plugin. -->","yoast_head_json":{"title":"Coronas dentales en Dubai | Puentes dentales","robots":{"index":"index","follow":"follow","max-snippet":"max-snippet:-1","max-image-preview":"max-image-preview:large","max-video-preview":"max-video-preview:-1"},"canonical":"https:\/\/www.orthodontist-dubai.com\/es\/coronas-y-puentes\/","og_locale":"es_ES","og_type":"article","og_title":"DENTAL CROWNS IN DUBAI | DENTAL BRIDGES","og_description":"These are fixed prosthetic devices done by dentists. They are not removable like dentures and are cemented to your existing teeth or implants. They can be removed only by dentists. Dental crowns are used to protect damaged or weakened tooth. Dental crowns are also called as \u201cdental caps\u201d. They are tooth shaped &#8220;caps&#8221; that are [&hellip;]","og_url":"https:\/\/www.orthodontist-dubai.com\/es\/coronas-y-puentes\/","og_site_name":"BEST Orthodontist &amp; Dentist in Dubai UAE for all Dental Treatments","article_publisher":"https:\/\/www.facebook.com\/Orthodontist.Dentist.Dubai\/","article_modified_time":"2023-10-20T09:15:00+00:00","og_image":[{"url":"https:\/\/www.orthodontist-dubai.com\/wp-content\/uploads\/2023\/10\/Dental-Crown-Bridges-in-Dubai-UAE-Before-After-treatment-pictures.jpg","type":"","width":"","height":""}],"twitter_card":"summary_large_image","twitter_misc":{"Tiempo de lectura":"5 minutos"},"schema":{"@context":"https:\/\/schema.org","@graph":[{"@type":"WebPage","@id":"https:\/\/www.orthodontist-dubai.com\/crowns-and-bridges\/","url":"https:\/\/www.orthodontist-dubai.com\/crowns-and-bridges\/","name":"Coronas dentales en Dubai | Puentes dentales","isPartOf":{"@id":"https:\/\/www.orthodontist-dubai.com\/#website"},"primaryImageOfPage":{"@id":"https:\/\/www.orthodontist-dubai.com\/crowns-and-bridges\/#primaryimage"},"image":{"@id":"https:\/\/www.orthodontist-dubai.com\/crowns-and-bridges\/#primaryimage"},"thumbnailUrl":"https:\/\/www.orthodontist-dubai.com\/wp-content\/uploads\/2023\/10\/Dental-Crown-Bridges-in-Dubai-UAE-Before-After-treatment-pictures.jpg","datePublished":"2015-04-15T07:04:06+00:00","dateModified":"2023-10-20T09:15:00+00:00","breadcrumb":{"@id":"https:\/\/www.orthodontist-dubai.com\/crowns-and-bridges\/#breadcrumb"},"inLanguage":"es","potentialAction":[{"@type":"ReadAction","target":["https:\/\/www.orthodontist-dubai.com\/crowns-and-bridges\/"]}]},{"@type":"ImageObject","inLanguage":"es","@id":"https:\/\/www.orthodontist-dubai.com\/crowns-and-bridges\/#primaryimage","url":"https:\/\/www.orthodontist-dubai.com\/wp-content\/uploads\/2023\/10\/Dental-Crown-Bridges-in-Dubai-UAE-Before-After-treatment-pictures.jpg","contentUrl":"https:\/\/www.orthodontist-dubai.com\/wp-content\/uploads\/2023\/10\/Dental-Crown-Bridges-in-Dubai-UAE-Before-After-treatment-pictures.jpg"},{"@type":"BreadcrumbList","@id":"https:\/\/www.orthodontist-dubai.com\/crowns-and-bridges\/#breadcrumb","itemListElement":[{"@type":"ListItem","position":1,"name":"\u2776 Home","item":"https:\/\/www.orthodontist-dubai.com\/"},{"@type":"ListItem","position":2,"name":"Dental Crown and Dental Bridges"}]},{"@type":"WebSite","@id":"https:\/\/www.orthodontist-dubai.com\/#website","url":"https:\/\/www.orthodontist-dubai.com\/","name":"MEJOR ortodoncista y dentista en Dubai, EAU para todos los tratamientos dentales","description":"Los mejores y baratos ortodoncistas y dentistas para todos los tratamientos dentales en Dubai, Emiratos \u00c1rabes Unidos","publisher":{"@id":"https:\/\/www.orthodontist-dubai.com\/#organization"},"potentialAction":[{"@type":"SearchAction","target":{"@type":"EntryPoint","urlTemplate":"https:\/\/www.orthodontist-dubai.com\/?s={search_term_string}"},"query-input":{"@type":"PropertyValueSpecification","valueRequired":true,"valueName":"search_term_string"}}],"inLanguage":"es"},{"@type":"Organization","@id":"https:\/\/www.orthodontist-dubai.com\/#organization","name":"El mejor ortodoncista y dentista en Dubai, Emiratos \u00c1rabes Unidos","url":"https:\/\/www.orthodontist-dubai.com\/","logo":{"@type":"ImageObject","inLanguage":"es","@id":"https:\/\/www.orthodontist-dubai.com\/#\/schema\/logo\/image\/","url":"https:\/\/www.orthodontist-dubai.com\/wp-content\/uploads\/2015\/04\/Othorontist-Dentist-UAE-Logo.png","contentUrl":"https:\/\/www.orthodontist-dubai.com\/wp-content\/uploads\/2015\/04\/Othorontist-Dentist-UAE-Logo.png","width":190,"height":70,"caption":"Best Orthodontist & Dentist in Dubai UAE"},"image":{"@id":"https:\/\/www.orthodontist-dubai.com\/#\/schema\/logo\/image\/"},"sameAs":["https:\/\/www.facebook.com\/Orthodontist.Dentist.Dubai\/","https:\/\/www.linkedin.com\/in\/dr-nazeer-ahmed-meeran-15691083\/"]}]}},"_links":{"self":[{"href":"https:\/\/www.orthodontist-dubai.com\/es\/wp-json\/wp\/v2\/pages\/157","targetHints":{"allow":["GET"]}}],"collection":[{"href":"https:\/\/www.orthodontist-dubai.com\/es\/wp-json\/wp\/v2\/pages"}],"about":[{"href":"https:\/\/www.orthodontist-dubai.com\/es\/wp-json\/wp\/v2\/types\/page"}],"author":[{"embeddable":true,"href":"https:\/\/www.orthodontist-dubai.com\/es\/wp-json\/wp\/v2\/users\/1"}],"replies":[{"embeddable":true,"href":"https:\/\/www.orthodontist-dubai.com\/es\/wp-json\/wp\/v2\/comments?post=157"}],"version-history":[{"count":8,"href":"https:\/\/www.orthodontist-dubai.com\/es\/wp-json\/wp\/v2\/pages\/157\/revisions"}],"predecessor-version":[{"id":2129,"href":"https:\/\/www.orthodontist-dubai.com\/es\/wp-json\/wp\/v2\/pages\/157\/revisions\/2129"}],"wp:attachment":[{"href":"https:\/\/www.orthodontist-dubai.com\/es\/wp-json\/wp\/v2\/media?parent=157"}],"curies":[{"name":"wp","href":"https:\/\/api.w.org\/{rel}","templated":true}]}}