{"id":140,"date":"2015-04-10T13:10:00","date_gmt":"2015-04-10T13:10:00","guid":{"rendered":"https:\/\/www.orthodontist-dubai.com\/?page_id=140"},"modified":"2020-03-13T10:40:44","modified_gmt":"2020-03-13T06:40:44","slug":"orthopaedic-appliance","status":"publish","type":"page","link":"https:\/\/www.orthodontist-dubai.com\/es\/aparato-ortopedico\/","title":{"rendered":"aparato ortop\u00e9dico"},"content":{"rendered":"<p><strong>\u00bfCrees que tu hijo puede tener un exceso o un menor crecimiento de la mand\u00edbula? \u00a1No se preocupe ahora, ya que los aparatos funcionales pueden corregir este problema si se tratan en el momento adecuado!<br \/>\n<\/strong><\/p>\n<p>Los ortodoncistas tienen experiencia cl\u00ednica en el tratamiento de la maloclusi\u00f3n esquel\u00e9tica y los problemas de crecimiento de la mand\u00edbula. Los problemas con el crecimiento de la mand\u00edbula se pueden identificar y tratar con aparatos funcionales si se detectan antes de los 12 a 14 a\u00f1os. Aseg\u00farese de tener una consulta con su ortodoncista cuando su hijo tenga entre 10 y 11 a\u00f1os para detectar posibles problemas con el crecimiento de la mand\u00edbula. Cuanto antes el tratamiento mejor para su futuro.<\/p>\n<p><img decoding=\"async\" class=\"aligncenter size-full wp-image-141 lazyload\" data-src=\"https:\/\/www.orthodontist-dubai.com\/wp-content\/uploads\/2015\/04\/functionalappliance2.jpg\" alt=\"aparato funcional\" width=\"504\" height=\"272\" data-srcset=\"https:\/\/www.orthodontist-dubai.com\/wp-content\/uploads\/2015\/04\/functionalappliance2.jpg 504w, https:\/\/www.orthodontist-dubai.com\/wp-content\/uploads\/2015\/04\/functionalappliance2-300x162.jpg 300w\" data-sizes=\"(max-width: 504px) 100vw, 504px\" src=\"data:image\/svg+xml;base64,PHN2ZyB3aWR0aD0iMSIgaGVpZ2h0PSIxIiB4bWxucz0iaHR0cDovL3d3dy53My5vcmcvMjAwMC9zdmciPjwvc3ZnPg==\" style=\"--smush-placeholder-width: 504px; --smush-placeholder-aspect-ratio: 504\/272;\" \/><\/p>\n<p>Los aparatos funcionales se utilizan para promover el crecimiento de las mand\u00edbulas y mejorar la forma en que se juntan los dientes superiores e inferiores. Trabajan colocando la mand\u00edbula inferior en una posici\u00f3n hacia adelante, estirando a su vez los m\u00fasculos faciales y de la mand\u00edbula, por lo tanto, gu\u00edan la correcci\u00f3n de la mand\u00edbula junto con la correcci\u00f3n de los dientes que sobresalen. Deben usarse con estricta disciplina, aunque sean removibles.<\/p>\n<p>Los aparatos funcionales m\u00e1s populares y probados se llaman <strong>bloques gemelos <\/strong>que produce resultados favorables muy r\u00e1pido. La duraci\u00f3n t\u00edpica del tratamiento puede durar entre 6 y 8 meses. A veces puede ser necesario un tratamiento de ortodoncia adicional posterior al tratamiento para ajustar la posici\u00f3n de los dientes individuales.<br \/>\n<a href=\"https:\/\/www.orthodontist-dubai.com\/es\/clinic-revisiones\/\"><img decoding=\"async\" class=\"aligncenter wp-image-346 size-full lazyload\" data-src=\"https:\/\/www.orthodontist-dubai.com\/wp-content\/uploads\/2014\/12\/banner-best2.jpg\" alt=\"Aparato ortop\u00e9dico en Dubai, Emiratos \u00c1rabes Unidos\" width=\"795\" height=\"459\" src=\"data:image\/svg+xml;base64,PHN2ZyB3aWR0aD0iMSIgaGVpZ2h0PSIxIiB4bWxucz0iaHR0cDovL3d3dy53My5vcmcvMjAwMC9zdmciPjwvc3ZnPg==\" style=\"--smush-placeholder-width: 795px; --smush-placeholder-aspect-ratio: 795\/459;\"><\/a><\/p>","protected":false},"excerpt":{"rendered":"<p>Do you think that your kid may have an excess or less Jaw growth ? No need to worry now as functional appliances can correct this problem if treated at the right moment! Orthodontists have clinical expertise in treatment of skeletal malocclusion &amp; Jaw Growth problems. Problems with jaw growth can be identified and treated [&hellip;]<\/p>\n","protected":false},"author":1,"featured_media":0,"parent":0,"menu_order":0,"comment_status":"closed","ping_status":"closed","template":"","meta":{"site-sidebar-layout":"default","site-content-layout":"","ast-site-content-layout":"default","site-content-style":"default","site-sidebar-style":"default","ast-global-header-display":"","ast-banner-title-visibility":"","ast-main-header-display":"","ast-hfb-above-header-display":"","ast-hfb-below-header-display":"","ast-hfb-mobile-header-display":"","site-post-title":"","ast-breadcrumbs-content":"","ast-featured-img":"","footer-sml-layout":"","ast-disable-related-posts":"","theme-transparent-header-meta":"","adv-header-id-meta":"","stick-header-meta":"","header-above-stick-meta":"","header-main-stick-meta":"","header-below-stick-meta":"","astra-migrate-meta-layouts":"default","ast-page-background-enabled":"default","ast-page-background-meta":{"desktop":{"background-color":"var(--ast-global-color-4)","background-image":"","background-repeat":"repeat","background-position":"center center","background-size":"auto","background-attachment":"scroll","background-type":"","background-media":"","overlay-type":"","overlay-color":"","overlay-opacity":"","overlay-gradient":""},"tablet":{"background-color":"","background-image":"","background-repeat":"repeat","background-position":"center center","background-size":"auto","background-attachment":"scroll","background-type":"","background-media":"","overlay-type":"","overlay-color":"","overlay-opacity":"","overlay-gradient":""},"mobile":{"background-color":"","background-image":"","background-repeat":"repeat","background-position":"center center","background-size":"auto","background-attachment":"scroll","background-type":"","background-media":"","overlay-type":"","overlay-color":"","overlay-opacity":"","overlay-gradient":""}},"ast-content-background-meta":{"desktop":{"background-color":"var(--ast-global-color-5)","background-image":"","background-repeat":"repeat","background-position":"center center","background-size":"auto","background-attachment":"scroll","background-type":"","background-media":"","overlay-type":"","overlay-color":"","overlay-opacity":"","overlay-gradient":""},"tablet":{"background-color":"var(--ast-global-color-5)","background-image":"","background-repeat":"repeat","background-position":"center center","background-size":"auto","background-attachment":"scroll","background-type":"","background-media":"","overlay-type":"","overlay-color":"","overlay-opacity":"","overlay-gradient":""},"mobile":{"background-color":"var(--ast-global-color-5)","background-image":"","background-repeat":"repeat","background-position":"center center","background-size":"auto","background-attachment":"scroll","background-type":"","background-media":"","overlay-type":"","overlay-color":"","overlay-opacity":"","overlay-gradient":""}},"footnotes":""},"class_list":["post-140","page","type-page","status-publish","hentry"],"yoast_head":"<!-- This site is optimized with the Yoast SEO plugin v27.5 - https:\/\/yoast.com\/product\/yoast-seo-wordpress\/ -->\n<title>ORTHOPAEDIC APPLIANCE IN DUBAI UAE<\/title>\n<meta name=\"robots\" content=\"index, follow, max-snippet:-1, max-image-preview:large, max-video-preview:-1\" \/>\n<link rel=\"canonical\" href=\"https:\/\/www.orthodontist-dubai.com\/es\/aparato-ortopedico\/\" \/>\n<meta property=\"og:locale\" content=\"es_ES\" \/>\n<meta property=\"og:type\" content=\"article\" \/>\n<meta property=\"og:title\" content=\"ORTHOPAEDIC APPLIANCE IN DUBAI UAE\" \/>\n<meta property=\"og:description\" content=\"Do you think that your kid may have an excess or less Jaw growth ? No need to worry now as functional appliances can correct this problem if treated at the right moment! Orthodontists have clinical expertise in treatment of skeletal malocclusion &amp; Jaw Growth problems. Problems with jaw growth can be identified and treated [&hellip;]\" \/>\n<meta property=\"og:url\" content=\"https:\/\/www.orthodontist-dubai.com\/es\/aparato-ortopedico\/\" \/>\n<meta property=\"og:site_name\" content=\"BEST Orthodontist &amp; Dentist in Dubai UAE for all Dental Treatments\" \/>\n<meta property=\"article:publisher\" content=\"https:\/\/www.facebook.com\/Orthodontist.Dentist.Dubai\/\" \/>\n<meta property=\"article:modified_time\" content=\"2020-03-13T06:40:44+00:00\" \/>\n<meta property=\"og:image\" content=\"https:\/\/www.orthodontist-dubai.com\/wp-content\/uploads\/2015\/04\/functionalappliance2.jpg\" \/>\n<meta name=\"twitter:card\" content=\"summary_large_image\" \/>\n<meta name=\"twitter:label1\" content=\"Tiempo de lectura\" \/>\n\t<meta name=\"twitter:data1\" content=\"1 minuto\" \/>\n<script type=\"application\/ld+json\" class=\"yoast-schema-graph\">{\"@context\":\"https:\\\/\\\/schema.org\",\"@graph\":[{\"@type\":\"WebPage\",\"@id\":\"https:\\\/\\\/www.orthodontist-dubai.com\\\/orthopaedic-appliance\\\/\",\"url\":\"https:\\\/\\\/www.orthodontist-dubai.com\\\/orthopaedic-appliance\\\/\",\"name\":\"ORTHOPAEDIC APPLIANCE IN DUBAI UAE\",\"isPartOf\":{\"@id\":\"https:\\\/\\\/www.orthodontist-dubai.com\\\/#website\"},\"primaryImageOfPage\":{\"@id\":\"https:\\\/\\\/www.orthodontist-dubai.com\\\/orthopaedic-appliance\\\/#primaryimage\"},\"image\":{\"@id\":\"https:\\\/\\\/www.orthodontist-dubai.com\\\/orthopaedic-appliance\\\/#primaryimage\"},\"thumbnailUrl\":\"https:\\\/\\\/www.orthodontist-dubai.com\\\/wp-content\\\/uploads\\\/2015\\\/04\\\/functionalappliance2.jpg\",\"datePublished\":\"2015-04-10T13:10:00+00:00\",\"dateModified\":\"2020-03-13T06:40:44+00:00\",\"breadcrumb\":{\"@id\":\"https:\\\/\\\/www.orthodontist-dubai.com\\\/orthopaedic-appliance\\\/#breadcrumb\"},\"inLanguage\":\"es\",\"potentialAction\":[{\"@type\":\"ReadAction\",\"target\":[\"https:\\\/\\\/www.orthodontist-dubai.com\\\/orthopaedic-appliance\\\/\"]}]},{\"@type\":\"ImageObject\",\"inLanguage\":\"es\",\"@id\":\"https:\\\/\\\/www.orthodontist-dubai.com\\\/orthopaedic-appliance\\\/#primaryimage\",\"url\":\"https:\\\/\\\/www.orthodontist-dubai.com\\\/wp-content\\\/uploads\\\/2015\\\/04\\\/functionalappliance2.jpg\",\"contentUrl\":\"https:\\\/\\\/www.orthodontist-dubai.com\\\/wp-content\\\/uploads\\\/2015\\\/04\\\/functionalappliance2.jpg\"},{\"@type\":\"BreadcrumbList\",\"@id\":\"https:\\\/\\\/www.orthodontist-dubai.com\\\/orthopaedic-appliance\\\/#breadcrumb\",\"itemListElement\":[{\"@type\":\"ListItem\",\"position\":1,\"name\":\"\u2776 Home\",\"item\":\"https:\\\/\\\/www.orthodontist-dubai.com\\\/\"},{\"@type\":\"ListItem\",\"position\":2,\"name\":\"Orthopaedic Appliance\"}]},{\"@type\":\"WebSite\",\"@id\":\"https:\\\/\\\/www.orthodontist-dubai.com\\\/#website\",\"url\":\"https:\\\/\\\/www.orthodontist-dubai.com\\\/\",\"name\":\"BEST Orthodontist &amp; Dentist in Dubai UAE for all Dental Treatments\",\"description\":\"Cheap &amp; Best Orthodontist &amp; Dentists for all dental treatments in Dubai UAE\",\"publisher\":{\"@id\":\"https:\\\/\\\/www.orthodontist-dubai.com\\\/#organization\"},\"potentialAction\":[{\"@type\":\"SearchAction\",\"target\":{\"@type\":\"EntryPoint\",\"urlTemplate\":\"https:\\\/\\\/www.orthodontist-dubai.com\\\/?s={search_term_string}\"},\"query-input\":{\"@type\":\"PropertyValueSpecification\",\"valueRequired\":true,\"valueName\":\"search_term_string\"}}],\"inLanguage\":\"es\"},{\"@type\":\"Organization\",\"@id\":\"https:\\\/\\\/www.orthodontist-dubai.com\\\/#organization\",\"name\":\"Best Orthodontist & Dentist in Dubai UAE\",\"url\":\"https:\\\/\\\/www.orthodontist-dubai.com\\\/\",\"logo\":{\"@type\":\"ImageObject\",\"inLanguage\":\"es\",\"@id\":\"https:\\\/\\\/www.orthodontist-dubai.com\\\/#\\\/schema\\\/logo\\\/image\\\/\",\"url\":\"https:\\\/\\\/www.orthodontist-dubai.com\\\/wp-content\\\/uploads\\\/2015\\\/04\\\/Othorontist-Dentist-UAE-Logo.png\",\"contentUrl\":\"https:\\\/\\\/www.orthodontist-dubai.com\\\/wp-content\\\/uploads\\\/2015\\\/04\\\/Othorontist-Dentist-UAE-Logo.png\",\"width\":190,\"height\":70,\"caption\":\"Best Orthodontist & Dentist in Dubai UAE\"},\"image\":{\"@id\":\"https:\\\/\\\/www.orthodontist-dubai.com\\\/#\\\/schema\\\/logo\\\/image\\\/\"},\"sameAs\":[\"https:\\\/\\\/www.facebook.com\\\/Orthodontist.Dentist.Dubai\\\/\",\"https:\\\/\\\/www.linkedin.com\\\/in\\\/dr-nazeer-ahmed-meeran-15691083\\\/\"]}]}<\/script>\n<!-- \/ Yoast SEO plugin. -->","yoast_head_json":{"title":"APARATO ORTOP\u00c9DICO EN DUBAI EAU","robots":{"index":"index","follow":"follow","max-snippet":"max-snippet:-1","max-image-preview":"max-image-preview:large","max-video-preview":"max-video-preview:-1"},"canonical":"https:\/\/www.orthodontist-dubai.com\/es\/aparato-ortopedico\/","og_locale":"es_ES","og_type":"article","og_title":"ORTHOPAEDIC APPLIANCE IN DUBAI UAE","og_description":"Do you think that your kid may have an excess or less Jaw growth ? No need to worry now as functional appliances can correct this problem if treated at the right moment! Orthodontists have clinical expertise in treatment of skeletal malocclusion &amp; Jaw Growth problems. Problems with jaw growth can be identified and treated [&hellip;]","og_url":"https:\/\/www.orthodontist-dubai.com\/es\/aparato-ortopedico\/","og_site_name":"BEST Orthodontist &amp; Dentist in Dubai UAE for all Dental Treatments","article_publisher":"https:\/\/www.facebook.com\/Orthodontist.Dentist.Dubai\/","article_modified_time":"2020-03-13T06:40:44+00:00","og_image":[{"url":"https:\/\/www.orthodontist-dubai.com\/wp-content\/uploads\/2015\/04\/functionalappliance2.jpg","type":"","width":"","height":""}],"twitter_card":"summary_large_image","twitter_misc":{"Tiempo de lectura":"1 minuto"},"schema":{"@context":"https:\/\/schema.org","@graph":[{"@type":"WebPage","@id":"https:\/\/www.orthodontist-dubai.com\/orthopaedic-appliance\/","url":"https:\/\/www.orthodontist-dubai.com\/orthopaedic-appliance\/","name":"APARATO ORTOP\u00c9DICO EN DUBAI EAU","isPartOf":{"@id":"https:\/\/www.orthodontist-dubai.com\/#website"},"primaryImageOfPage":{"@id":"https:\/\/www.orthodontist-dubai.com\/orthopaedic-appliance\/#primaryimage"},"image":{"@id":"https:\/\/www.orthodontist-dubai.com\/orthopaedic-appliance\/#primaryimage"},"thumbnailUrl":"https:\/\/www.orthodontist-dubai.com\/wp-content\/uploads\/2015\/04\/functionalappliance2.jpg","datePublished":"2015-04-10T13:10:00+00:00","dateModified":"2020-03-13T06:40:44+00:00","breadcrumb":{"@id":"https:\/\/www.orthodontist-dubai.com\/orthopaedic-appliance\/#breadcrumb"},"inLanguage":"es","potentialAction":[{"@type":"ReadAction","target":["https:\/\/www.orthodontist-dubai.com\/orthopaedic-appliance\/"]}]},{"@type":"ImageObject","inLanguage":"es","@id":"https:\/\/www.orthodontist-dubai.com\/orthopaedic-appliance\/#primaryimage","url":"https:\/\/www.orthodontist-dubai.com\/wp-content\/uploads\/2015\/04\/functionalappliance2.jpg","contentUrl":"https:\/\/www.orthodontist-dubai.com\/wp-content\/uploads\/2015\/04\/functionalappliance2.jpg"},{"@type":"BreadcrumbList","@id":"https:\/\/www.orthodontist-dubai.com\/orthopaedic-appliance\/#breadcrumb","itemListElement":[{"@type":"ListItem","position":1,"name":"\u2776 Home","item":"https:\/\/www.orthodontist-dubai.com\/"},{"@type":"ListItem","position":2,"name":"Orthopaedic Appliance"}]},{"@type":"WebSite","@id":"https:\/\/www.orthodontist-dubai.com\/#website","url":"https:\/\/www.orthodontist-dubai.com\/","name":"MEJOR ortodoncista y dentista en Dubai, EAU para todos los tratamientos dentales","description":"Los mejores y baratos ortodoncistas y dentistas para todos los tratamientos dentales en Dubai, Emiratos \u00c1rabes Unidos","publisher":{"@id":"https:\/\/www.orthodontist-dubai.com\/#organization"},"potentialAction":[{"@type":"SearchAction","target":{"@type":"EntryPoint","urlTemplate":"https:\/\/www.orthodontist-dubai.com\/?s={search_term_string}"},"query-input":{"@type":"PropertyValueSpecification","valueRequired":true,"valueName":"search_term_string"}}],"inLanguage":"es"},{"@type":"Organization","@id":"https:\/\/www.orthodontist-dubai.com\/#organization","name":"El mejor ortodoncista y dentista en Dubai, Emiratos \u00c1rabes Unidos","url":"https:\/\/www.orthodontist-dubai.com\/","logo":{"@type":"ImageObject","inLanguage":"es","@id":"https:\/\/www.orthodontist-dubai.com\/#\/schema\/logo\/image\/","url":"https:\/\/www.orthodontist-dubai.com\/wp-content\/uploads\/2015\/04\/Othorontist-Dentist-UAE-Logo.png","contentUrl":"https:\/\/www.orthodontist-dubai.com\/wp-content\/uploads\/2015\/04\/Othorontist-Dentist-UAE-Logo.png","width":190,"height":70,"caption":"Best Orthodontist & Dentist in Dubai UAE"},"image":{"@id":"https:\/\/www.orthodontist-dubai.com\/#\/schema\/logo\/image\/"},"sameAs":["https:\/\/www.facebook.com\/Orthodontist.Dentist.Dubai\/","https:\/\/www.linkedin.com\/in\/dr-nazeer-ahmed-meeran-15691083\/"]}]}},"_links":{"self":[{"href":"https:\/\/www.orthodontist-dubai.com\/es\/wp-json\/wp\/v2\/pages\/140","targetHints":{"allow":["GET"]}}],"collection":[{"href":"https:\/\/www.orthodontist-dubai.com\/es\/wp-json\/wp\/v2\/pages"}],"about":[{"href":"https:\/\/www.orthodontist-dubai.com\/es\/wp-json\/wp\/v2\/types\/page"}],"author":[{"embeddable":true,"href":"https:\/\/www.orthodontist-dubai.com\/es\/wp-json\/wp\/v2\/users\/1"}],"replies":[{"embeddable":true,"href":"https:\/\/www.orthodontist-dubai.com\/es\/wp-json\/wp\/v2\/comments?post=140"}],"version-history":[{"count":2,"href":"https:\/\/www.orthodontist-dubai.com\/es\/wp-json\/wp\/v2\/pages\/140\/revisions"}],"predecessor-version":[{"id":767,"href":"https:\/\/www.orthodontist-dubai.com\/es\/wp-json\/wp\/v2\/pages\/140\/revisions\/767"}],"wp:attachment":[{"href":"https:\/\/www.orthodontist-dubai.com\/es\/wp-json\/wp\/v2\/media?parent=140"}],"curies":[{"name":"wp","href":"https:\/\/api.w.org\/{rel}","templated":true}]}}