{"id":32,"date":"2014-12-28T18:55:19","date_gmt":"2014-12-28T18:55:19","guid":{"rendered":"https:\/\/www.orthodontist-dubai.com\/?page_id=32"},"modified":"2019-04-14T18:46:22","modified_gmt":"2019-04-14T14:46:22","slug":"lingual-incognito-braces","status":"publish","type":"page","link":"https:\/\/www.orthodontist-dubai.com\/de\/lingual-inkognito-klammern\/","title":{"rendered":"Linguale Zahnspangen"},"content":{"rendered":"<p>Wussten Sie, dass nicht alle Arten von Zahnspangen vor die Z\u00e4hne gesetzt werden m\u00fcssen? Ja, es gibt Arten von Zahnspangen, die hinter den Z\u00e4hnen platziert werden k\u00f6nnen. Diese werden als bezeichnet <strong>Linguale Zahnspangen<\/strong> oder <strong>Inkognito. <\/strong><br \/>\n<a href=\"https:\/\/www.orthodontist-dubai.com\/de\/klinik-bewertungen\/\" target=\"_blank\" rel=\"noopener noreferrer\"><img decoding=\"async\" class=\"aligncenter lazyload\" data-src=\"https:\/\/www.orthodontist-dubai.com\/wp-content\/uploads\/2015\/04\/banner-best-orthodontist-dubai.jpg\" alt=\"unsichtbare Zahnspangen in Dubai VAE\" width=\"650\" height=\"717\" src=\"data:image\/svg+xml;base64,PHN2ZyB3aWR0aD0iMSIgaGVpZ2h0PSIxIiB4bWxucz0iaHR0cDovL3d3dy53My5vcmcvMjAwMC9zdmciPjwvc3ZnPg==\" style=\"--smush-placeholder-width: 650px; --smush-placeholder-aspect-ratio: 650\/717;\"><\/a><br \/>\nNiemand wird jemals wissen, ob Sie eine Zahnspange tragen oder nicht!<\/p>\n<p><img decoding=\"async\" class=\"aligncenter wp-image-33 size-full lazyload\" data-src=\"https:\/\/www.orthodontist-dubai.com\/wp-content\/uploads\/2014\/12\/lingual-incognito-braces-in-Dubai.jpg\" alt=\"linguale Inkognito-Zahnspange in Dubai\" width=\"340\" height=\"205\" data-srcset=\"https:\/\/www.orthodontist-dubai.com\/wp-content\/uploads\/2014\/12\/lingual-incognito-braces-in-Dubai.jpg 340w, https:\/\/www.orthodontist-dubai.com\/wp-content\/uploads\/2014\/12\/lingual-incognito-braces-in-Dubai-300x181.jpg 300w\" data-sizes=\"(max-width: 340px) 100vw, 340px\" src=\"data:image\/svg+xml;base64,PHN2ZyB3aWR0aD0iMSIgaGVpZ2h0PSIxIiB4bWxucz0iaHR0cDovL3d3dy53My5vcmcvMjAwMC9zdmciPjwvc3ZnPg==\" style=\"--smush-placeholder-width: 340px; --smush-placeholder-aspect-ratio: 340\/205;\" \/>Wenn es um unauff\u00e4llige Zahnspangen geht, ist der Hauptunterschied zwischen dieser lingualen Inkognito-Zahnspange und <strong>invisalign<\/strong> ist, dass Sie die Retainer entfernen, wenn Sie Ihre Z\u00e4hne putzen oder essen, wenn Sie Invisalign tragen, der vor den Z\u00e4hnen positioniert werden muss. Bei Lingualbrackets ist dies jedoch nicht der Fall.<\/p>\n<p><strong>Vorteile :<\/strong><\/p>\n<p>1. Da Lingualbrackets hinter dem Zahn positioniert werden, fallen sie kaum auf.<\/p>\n<p>2. Weniger Besuche beim Kieferorthop\u00e4den.<\/p>\n<p>3. Dies sind 100%, die individuell an die Z\u00e4hne angepasst sind, was eine h\u00f6here Pr\u00e4zision und einen h\u00f6heren Komfort w\u00e4hrend des gesamten Behandlungsverlaufs gew\u00e4hrleistet<\/p>\n<p><strong>Nachteile :<\/strong><\/p>\n<p>1. Teurer als Keramikspangen und Metallspangen.<\/p>\n<p>2. Es kann eine Zeit des Unbehagens geben. Um den Druck und das Unbehagen zu bew\u00e4ltigen, kann der Kieferorthop\u00e4de ein spezielles Wachs zum Auftragen auf die Zahnspange bereitstellen.<\/p>\n<p><strong>Schritte, um eine Lingual-Zahnspange zu bekommen:<\/strong><\/p>\n<p><strong>1. Beratung<\/strong><br \/>\nBesuchen Sie zuerst Ihren Kieferorthop\u00e4den zur Beratung und er wird Sie wissen lassen, ob Sie ein idealer Kandidat f\u00fcr eine Lingual-Zahnspange sind. Er erstellt eine Reihe von Diagnoseunterlagen und nach einigen Wochen der Produktion wird Ihr digital angepasstes Behandlungssetup an Ihren Kieferorthop\u00e4den weitergeleitet. Gemeinsam mit ihm k\u00f6nnen Sie die endg\u00fcltige Aufstellung visualisieren und er gibt die Freigabe zur Anfertigung Ihrer individuellen Lingualspange.<\/p>\n<p><strong>2. Herstellung von Lingualbrackets<\/strong><br \/>\nUnter Verwendung eines hochpr\u00e4zisen 3D-Bildes Ihrer Z\u00e4hne mithilfe von CAD\/CAM-Technologien erstellt das Labor eine digital angepasste Behandlungssimulation Ihres gew\u00fcnschten Endergebnisses sowie eine kundenspezifische L\u00f6sung, die so konstruiert ist, dass sie sich nahtlos an die Pr\u00e4zision jedes Zahns anpasst. Vorgeformte Bogendr\u00e4hte werden mit Genauigkeit hergestellt.<\/p>\n<p><strong>3. Bindungstermin<\/strong><br \/>\nLingual Braces verwendet ein fortschrittliches Tablettsystem, um im Gegensatz zu normalen Zahnspangen das gesamte Set auf einmal zu liefern. Daher ist es zeiteffektiv.<\/p>\n<p><strong>4. Klinikbesuch<\/strong><br \/>\nRegelm\u00e4\u00dfige Zahnarztbesuche sind erforderlich, um Ihre Bogendr\u00e4hte zu wechseln. Nach jedem Wechsel kann ein leichtes Unbehagen empfunden werden, aber Sie werden sich daran gew\u00f6hnen. W\u00e4hrend der Behandlung m\u00fcssen Sie Ihre Zahnspange pflegen.<\/p>\n<p><strong>5. Aufbewahrung<\/strong><br \/>\nSobald Sie sich in der letzten Phase der zahn\u00e4rztlichen Behandlung befinden, erfordert Ihr Zahn die strikte Einhaltung des Retentionsprogramms Ihres Zahnarztes. Sobald Ihre Z\u00e4hne am Tag der Entfernung der Zahnspange gerade sind, muss auf die richtige Retention geachtet werden, da sie sonst zur\u00fcckfallen oder sich aus der Ausrichtung bewegen. Besuchen Sie Ihren Zahnarzt f\u00fcr regelm\u00e4\u00dfige Kontrolluntersuchungen.<\/p>","protected":false},"excerpt":{"rendered":"<p>Did you know that not all kinds of braces need to be placed in front of the teeth? Yes there are types of braces that can be placed behind your teeth. These are called as Lingual Braces or Incognito. No one will ever know if you are wearing braces or not! When it comes to [&hellip;]<\/p>\n","protected":false},"author":1,"featured_media":0,"parent":0,"menu_order":0,"comment_status":"closed","ping_status":"closed","template":"","meta":{"site-sidebar-layout":"default","site-content-layout":"","ast-site-content-layout":"default","site-content-style":"default","site-sidebar-style":"default","ast-global-header-display":"","ast-banner-title-visibility":"","ast-main-header-display":"","ast-hfb-above-header-display":"","ast-hfb-below-header-display":"","ast-hfb-mobile-header-display":"","site-post-title":"","ast-breadcrumbs-content":"","ast-featured-img":"","footer-sml-layout":"","ast-disable-related-posts":"","theme-transparent-header-meta":"","adv-header-id-meta":"","stick-header-meta":"","header-above-stick-meta":"","header-main-stick-meta":"","header-below-stick-meta":"","astra-migrate-meta-layouts":"default","ast-page-background-enabled":"default","ast-page-background-meta":{"desktop":{"background-color":"var(--ast-global-color-4)","background-image":"","background-repeat":"repeat","background-position":"center center","background-size":"auto","background-attachment":"scroll","background-type":"","background-media":"","overlay-type":"","overlay-color":"","overlay-opacity":"","overlay-gradient":""},"tablet":{"background-color":"","background-image":"","background-repeat":"repeat","background-position":"center center","background-size":"auto","background-attachment":"scroll","background-type":"","background-media":"","overlay-type":"","overlay-color":"","overlay-opacity":"","overlay-gradient":""},"mobile":{"background-color":"","background-image":"","background-repeat":"repeat","background-position":"center center","background-size":"auto","background-attachment":"scroll","background-type":"","background-media":"","overlay-type":"","overlay-color":"","overlay-opacity":"","overlay-gradient":""}},"ast-content-background-meta":{"desktop":{"background-color":"var(--ast-global-color-5)","background-image":"","background-repeat":"repeat","background-position":"center center","background-size":"auto","background-attachment":"scroll","background-type":"","background-media":"","overlay-type":"","overlay-color":"","overlay-opacity":"","overlay-gradient":""},"tablet":{"background-color":"var(--ast-global-color-5)","background-image":"","background-repeat":"repeat","background-position":"center center","background-size":"auto","background-attachment":"scroll","background-type":"","background-media":"","overlay-type":"","overlay-color":"","overlay-opacity":"","overlay-gradient":""},"mobile":{"background-color":"var(--ast-global-color-5)","background-image":"","background-repeat":"repeat","background-position":"center center","background-size":"auto","background-attachment":"scroll","background-type":"","background-media":"","overlay-type":"","overlay-color":"","overlay-opacity":"","overlay-gradient":""}},"footnotes":""},"class_list":["post-32","page","type-page","status-publish","hentry"],"yoast_head":"<!-- This site is optimized with the Yoast SEO plugin v27.5 - https:\/\/yoast.com\/product\/yoast-seo-wordpress\/ -->\n<title>LINGUAL BRACES IN DUBAI UAE<\/title>\n<meta name=\"robots\" content=\"index, follow, max-snippet:-1, max-image-preview:large, max-video-preview:-1\" \/>\n<link rel=\"canonical\" href=\"https:\/\/www.orthodontist-dubai.com\/de\/lingual-inkognito-klammern\/\" \/>\n<meta property=\"og:locale\" content=\"de_DE\" \/>\n<meta property=\"og:type\" content=\"article\" \/>\n<meta property=\"og:title\" content=\"LINGUAL BRACES IN DUBAI UAE\" \/>\n<meta property=\"og:description\" content=\"Did you know that not all kinds of braces need to be placed in front of the teeth? Yes there are types of braces that can be placed behind your teeth. These are called as Lingual Braces or Incognito. No one will ever know if you are wearing braces or not! When it comes to [&hellip;]\" \/>\n<meta property=\"og:url\" content=\"https:\/\/www.orthodontist-dubai.com\/de\/lingual-inkognito-klammern\/\" \/>\n<meta property=\"og:site_name\" content=\"BEST Orthodontist &amp; Dentist in Dubai UAE for all Dental Treatments\" \/>\n<meta property=\"article:publisher\" content=\"https:\/\/www.facebook.com\/Orthodontist.Dentist.Dubai\/\" \/>\n<meta property=\"article:modified_time\" content=\"2019-04-14T14:46:22+00:00\" \/>\n<meta property=\"og:image\" content=\"https:\/\/www.orthodontist-dubai.com\/wp-content\/uploads\/2015\/04\/banner-best-orthodontist-dubai.jpg\" \/>\n<meta name=\"twitter:card\" content=\"summary_large_image\" \/>\n<meta name=\"twitter:label1\" content=\"Gesch\u00e4tzte Lesezeit\" \/>\n\t<meta name=\"twitter:data1\" content=\"2\u00a0Minuten\" \/>\n<script type=\"application\/ld+json\" class=\"yoast-schema-graph\">{\"@context\":\"https:\\\/\\\/schema.org\",\"@graph\":[{\"@type\":\"WebPage\",\"@id\":\"https:\\\/\\\/www.orthodontist-dubai.com\\\/lingual-incognito-braces\\\/\",\"url\":\"https:\\\/\\\/www.orthodontist-dubai.com\\\/lingual-incognito-braces\\\/\",\"name\":\"LINGUAL BRACES IN DUBAI UAE\",\"isPartOf\":{\"@id\":\"https:\\\/\\\/www.orthodontist-dubai.com\\\/#website\"},\"primaryImageOfPage\":{\"@id\":\"https:\\\/\\\/www.orthodontist-dubai.com\\\/lingual-incognito-braces\\\/#primaryimage\"},\"image\":{\"@id\":\"https:\\\/\\\/www.orthodontist-dubai.com\\\/lingual-incognito-braces\\\/#primaryimage\"},\"thumbnailUrl\":\"https:\\\/\\\/www.orthodontist-dubai.com\\\/wp-content\\\/uploads\\\/2015\\\/04\\\/banner-best-orthodontist-dubai.jpg\",\"datePublished\":\"2014-12-28T18:55:19+00:00\",\"dateModified\":\"2019-04-14T14:46:22+00:00\",\"breadcrumb\":{\"@id\":\"https:\\\/\\\/www.orthodontist-dubai.com\\\/lingual-incognito-braces\\\/#breadcrumb\"},\"inLanguage\":\"de\",\"potentialAction\":[{\"@type\":\"ReadAction\",\"target\":[\"https:\\\/\\\/www.orthodontist-dubai.com\\\/lingual-incognito-braces\\\/\"]}]},{\"@type\":\"ImageObject\",\"inLanguage\":\"de\",\"@id\":\"https:\\\/\\\/www.orthodontist-dubai.com\\\/lingual-incognito-braces\\\/#primaryimage\",\"url\":\"https:\\\/\\\/www.orthodontist-dubai.com\\\/wp-content\\\/uploads\\\/2015\\\/04\\\/banner-best-orthodontist-dubai.jpg\",\"contentUrl\":\"https:\\\/\\\/www.orthodontist-dubai.com\\\/wp-content\\\/uploads\\\/2015\\\/04\\\/banner-best-orthodontist-dubai.jpg\"},{\"@type\":\"BreadcrumbList\",\"@id\":\"https:\\\/\\\/www.orthodontist-dubai.com\\\/lingual-incognito-braces\\\/#breadcrumb\",\"itemListElement\":[{\"@type\":\"ListItem\",\"position\":1,\"name\":\"\u2776 Home\",\"item\":\"https:\\\/\\\/www.orthodontist-dubai.com\\\/\"},{\"@type\":\"ListItem\",\"position\":2,\"name\":\"Lingual Braces\"}]},{\"@type\":\"WebSite\",\"@id\":\"https:\\\/\\\/www.orthodontist-dubai.com\\\/#website\",\"url\":\"https:\\\/\\\/www.orthodontist-dubai.com\\\/\",\"name\":\"BEST Orthodontist &amp; Dentist in Dubai UAE for all Dental Treatments\",\"description\":\"Cheap &amp; Best Orthodontist &amp; Dentists for all dental treatments in Dubai UAE\",\"publisher\":{\"@id\":\"https:\\\/\\\/www.orthodontist-dubai.com\\\/#organization\"},\"potentialAction\":[{\"@type\":\"SearchAction\",\"target\":{\"@type\":\"EntryPoint\",\"urlTemplate\":\"https:\\\/\\\/www.orthodontist-dubai.com\\\/?s={search_term_string}\"},\"query-input\":{\"@type\":\"PropertyValueSpecification\",\"valueRequired\":true,\"valueName\":\"search_term_string\"}}],\"inLanguage\":\"de\"},{\"@type\":\"Organization\",\"@id\":\"https:\\\/\\\/www.orthodontist-dubai.com\\\/#organization\",\"name\":\"Best Orthodontist & Dentist in Dubai UAE\",\"url\":\"https:\\\/\\\/www.orthodontist-dubai.com\\\/\",\"logo\":{\"@type\":\"ImageObject\",\"inLanguage\":\"de\",\"@id\":\"https:\\\/\\\/www.orthodontist-dubai.com\\\/#\\\/schema\\\/logo\\\/image\\\/\",\"url\":\"https:\\\/\\\/www.orthodontist-dubai.com\\\/wp-content\\\/uploads\\\/2015\\\/04\\\/Othorontist-Dentist-UAE-Logo.png\",\"contentUrl\":\"https:\\\/\\\/www.orthodontist-dubai.com\\\/wp-content\\\/uploads\\\/2015\\\/04\\\/Othorontist-Dentist-UAE-Logo.png\",\"width\":190,\"height\":70,\"caption\":\"Best Orthodontist & Dentist in Dubai UAE\"},\"image\":{\"@id\":\"https:\\\/\\\/www.orthodontist-dubai.com\\\/#\\\/schema\\\/logo\\\/image\\\/\"},\"sameAs\":[\"https:\\\/\\\/www.facebook.com\\\/Orthodontist.Dentist.Dubai\\\/\",\"https:\\\/\\\/www.linkedin.com\\\/in\\\/dr-nazeer-ahmed-meeran-15691083\\\/\"]}]}<\/script>\n<!-- \/ Yoast SEO plugin. -->","yoast_head_json":{"title":"LINGUALE ZAHNSPANGE IN DUBAI VAE","robots":{"index":"index","follow":"follow","max-snippet":"max-snippet:-1","max-image-preview":"max-image-preview:large","max-video-preview":"max-video-preview:-1"},"canonical":"https:\/\/www.orthodontist-dubai.com\/de\/lingual-inkognito-klammern\/","og_locale":"de_DE","og_type":"article","og_title":"LINGUAL BRACES IN DUBAI UAE","og_description":"Did you know that not all kinds of braces need to be placed in front of the teeth? Yes there are types of braces that can be placed behind your teeth. These are called as Lingual Braces or Incognito. No one will ever know if you are wearing braces or not! When it comes to [&hellip;]","og_url":"https:\/\/www.orthodontist-dubai.com\/de\/lingual-inkognito-klammern\/","og_site_name":"BEST Orthodontist &amp; Dentist in Dubai UAE for all Dental Treatments","article_publisher":"https:\/\/www.facebook.com\/Orthodontist.Dentist.Dubai\/","article_modified_time":"2019-04-14T14:46:22+00:00","og_image":[{"url":"https:\/\/www.orthodontist-dubai.com\/wp-content\/uploads\/2015\/04\/banner-best-orthodontist-dubai.jpg","type":"","width":"","height":""}],"twitter_card":"summary_large_image","twitter_misc":{"Gesch\u00e4tzte Lesezeit":"2\u00a0Minuten"},"schema":{"@context":"https:\/\/schema.org","@graph":[{"@type":"WebPage","@id":"https:\/\/www.orthodontist-dubai.com\/lingual-incognito-braces\/","url":"https:\/\/www.orthodontist-dubai.com\/lingual-incognito-braces\/","name":"LINGUALE ZAHNSPANGE IN DUBAI VAE","isPartOf":{"@id":"https:\/\/www.orthodontist-dubai.com\/#website"},"primaryImageOfPage":{"@id":"https:\/\/www.orthodontist-dubai.com\/lingual-incognito-braces\/#primaryimage"},"image":{"@id":"https:\/\/www.orthodontist-dubai.com\/lingual-incognito-braces\/#primaryimage"},"thumbnailUrl":"https:\/\/www.orthodontist-dubai.com\/wp-content\/uploads\/2015\/04\/banner-best-orthodontist-dubai.jpg","datePublished":"2014-12-28T18:55:19+00:00","dateModified":"2019-04-14T14:46:22+00:00","breadcrumb":{"@id":"https:\/\/www.orthodontist-dubai.com\/lingual-incognito-braces\/#breadcrumb"},"inLanguage":"de","potentialAction":[{"@type":"ReadAction","target":["https:\/\/www.orthodontist-dubai.com\/lingual-incognito-braces\/"]}]},{"@type":"ImageObject","inLanguage":"de","@id":"https:\/\/www.orthodontist-dubai.com\/lingual-incognito-braces\/#primaryimage","url":"https:\/\/www.orthodontist-dubai.com\/wp-content\/uploads\/2015\/04\/banner-best-orthodontist-dubai.jpg","contentUrl":"https:\/\/www.orthodontist-dubai.com\/wp-content\/uploads\/2015\/04\/banner-best-orthodontist-dubai.jpg"},{"@type":"BreadcrumbList","@id":"https:\/\/www.orthodontist-dubai.com\/lingual-incognito-braces\/#breadcrumb","itemListElement":[{"@type":"ListItem","position":1,"name":"\u2776 Home","item":"https:\/\/www.orthodontist-dubai.com\/"},{"@type":"ListItem","position":2,"name":"Lingual Braces"}]},{"@type":"WebSite","@id":"https:\/\/www.orthodontist-dubai.com\/#website","url":"https:\/\/www.orthodontist-dubai.com\/","name":"BESTER Kieferorthop\u00e4de und Zahnarzt in Dubai VAE f\u00fcr alle Zahnbehandlungen","description":"G\u00fcnstiger und bester Kieferorthop\u00e4de und Zahn\u00e4rzte f\u00fcr alle Zahnbehandlungen in Dubai, Vereinigte Arabische Emirate","publisher":{"@id":"https:\/\/www.orthodontist-dubai.com\/#organization"},"potentialAction":[{"@type":"SearchAction","target":{"@type":"EntryPoint","urlTemplate":"https:\/\/www.orthodontist-dubai.com\/?s={search_term_string}"},"query-input":{"@type":"PropertyValueSpecification","valueRequired":true,"valueName":"search_term_string"}}],"inLanguage":"de"},{"@type":"Organization","@id":"https:\/\/www.orthodontist-dubai.com\/#organization","name":"Bester Kieferorthop\u00e4de &amp; Zahnarzt in Dubai VAE","url":"https:\/\/www.orthodontist-dubai.com\/","logo":{"@type":"ImageObject","inLanguage":"de","@id":"https:\/\/www.orthodontist-dubai.com\/#\/schema\/logo\/image\/","url":"https:\/\/www.orthodontist-dubai.com\/wp-content\/uploads\/2015\/04\/Othorontist-Dentist-UAE-Logo.png","contentUrl":"https:\/\/www.orthodontist-dubai.com\/wp-content\/uploads\/2015\/04\/Othorontist-Dentist-UAE-Logo.png","width":190,"height":70,"caption":"Best Orthodontist & Dentist in Dubai UAE"},"image":{"@id":"https:\/\/www.orthodontist-dubai.com\/#\/schema\/logo\/image\/"},"sameAs":["https:\/\/www.facebook.com\/Orthodontist.Dentist.Dubai\/","https:\/\/www.linkedin.com\/in\/dr-nazeer-ahmed-meeran-15691083\/"]}]}},"_links":{"self":[{"href":"https:\/\/www.orthodontist-dubai.com\/de\/wp-json\/wp\/v2\/pages\/32","targetHints":{"allow":["GET"]}}],"collection":[{"href":"https:\/\/www.orthodontist-dubai.com\/de\/wp-json\/wp\/v2\/pages"}],"about":[{"href":"https:\/\/www.orthodontist-dubai.com\/de\/wp-json\/wp\/v2\/types\/page"}],"author":[{"embeddable":true,"href":"https:\/\/www.orthodontist-dubai.com\/de\/wp-json\/wp\/v2\/users\/1"}],"replies":[{"embeddable":true,"href":"https:\/\/www.orthodontist-dubai.com\/de\/wp-json\/wp\/v2\/comments?post=32"}],"version-history":[{"count":4,"href":"https:\/\/www.orthodontist-dubai.com\/de\/wp-json\/wp\/v2\/pages\/32\/revisions"}],"predecessor-version":[{"id":714,"href":"https:\/\/www.orthodontist-dubai.com\/de\/wp-json\/wp\/v2\/pages\/32\/revisions\/714"}],"wp:attachment":[{"href":"https:\/\/www.orthodontist-dubai.com\/de\/wp-json\/wp\/v2\/media?parent=32"}],"curies":[{"name":"wp","href":"https:\/\/api.w.org\/{rel}","templated":true}]}}