{"id":235,"date":"2015-05-07T20:11:42","date_gmt":"2015-05-07T16:11:42","guid":{"rendered":"https:\/\/www.orthodontist-dubai.com\/?page_id=235"},"modified":"2021-10-15T20:41:56","modified_gmt":"2021-10-15T16:41:56","slug":"reviews-ratings-dr-michaels-dental-clinic-jumeirah","status":"publish","type":"page","link":"https:\/\/www.orthodontist-dubai.com\/de\/bewertungen-bewertungen-dr-michaels-dental-clinic-jumeirah\/","title":{"rendered":"Rezensionen und Bewertungen Dr.Michaels Zahnklinik Jumeirah"},"content":{"rendered":"<p><img decoding=\"async\" class=\"aligncenter wp-image-242 size-thumbnail lazyload\" data-src=\"https:\/\/www.orthodontist-dubai.com\/wp-content\/uploads\/2015\/05\/dr-michaels-clinic-review-3-150x150.jpg\" alt=\"dr michaels klinikbericht-3\" width=\"150\" height=\"150\" data-srcset=\"https:\/\/www.orthodontist-dubai.com\/wp-content\/uploads\/2015\/05\/dr-michaels-clinic-review-3-150x150.jpg 150w, https:\/\/www.orthodontist-dubai.com\/wp-content\/uploads\/2015\/05\/dr-michaels-clinic-review-3-300x300.jpg 300w, https:\/\/www.orthodontist-dubai.com\/wp-content\/uploads\/2015\/05\/dr-michaels-clinic-review-3.jpg 500w\" data-sizes=\"(max-width: 150px) 100vw, 150px\" src=\"data:image\/svg+xml;base64,PHN2ZyB3aWR0aD0iMSIgaGVpZ2h0PSIxIiB4bWxucz0iaHR0cDovL3d3dy53My5vcmcvMjAwMC9zdmciPjwvc3ZnPg==\" style=\"--smush-placeholder-width: 150px; --smush-placeholder-aspect-ratio: 150\/150;\" \/><\/p>\n<p><strong>Name :<\/strong> Dr. Michaels Zahnklinik, Jumeirah Dubai.<\/p>\n<p><strong>Telefon :<\/strong> +971-43495900<\/p>\n<p><strong>Adresse:<\/strong><\/p>\n<address>Villa 418 Al Wasl Road, Jumeirah 2, Postfach 12372, Dubai, Vereinigte Arabische Emirate<\/address>\n<p><strong>Email :<\/strong> jumeirah@drmichaels.com<\/p>\n<p><strong>Rezensionen &amp; Bewertungen:<\/strong><\/p>\n<p><img decoding=\"async\" class=\"aligncenter size-full wp-image-236 lazyload\" data-src=\"https:\/\/www.orthodontist-dubai.com\/wp-content\/uploads\/2015\/05\/dr-michaels-clinic-review-1.png\" alt=\"Dr. Michaels Clinic Review-1\" width=\"412\" height=\"189\" data-srcset=\"https:\/\/www.orthodontist-dubai.com\/wp-content\/uploads\/2015\/05\/dr-michaels-clinic-review-1.png 412w, https:\/\/www.orthodontist-dubai.com\/wp-content\/uploads\/2015\/05\/dr-michaels-clinic-review-1-300x138.png 300w\" data-sizes=\"(max-width: 412px) 100vw, 412px\" src=\"data:image\/svg+xml;base64,PHN2ZyB3aWR0aD0iMSIgaGVpZ2h0PSIxIiB4bWxucz0iaHR0cDovL3d3dy53My5vcmcvMjAwMC9zdmciPjwvc3ZnPg==\" style=\"--smush-placeholder-width: 412px; --smush-placeholder-aspect-ratio: 412\/189;\" \/><\/p>\n<p><strong>Quellenlink:<\/strong> Konsolidierte Google-Patientenbewertungen<\/p>\n<p><img decoding=\"async\" class=\"aligncenter wp-image-238 size-full lazyload\" data-src=\"https:\/\/www.orthodontist-dubai.com\/wp-content\/uploads\/2015\/05\/dr-michaels-clinic-review-21.png\" alt=\"Dr. Michaels Clinic Review-2\" width=\"651\" height=\"436\" data-srcset=\"https:\/\/www.orthodontist-dubai.com\/wp-content\/uploads\/2015\/05\/dr-michaels-clinic-review-21.png 651w, https:\/\/www.orthodontist-dubai.com\/wp-content\/uploads\/2015\/05\/dr-michaels-clinic-review-21-300x201.png 300w\" data-sizes=\"(max-width: 651px) 100vw, 651px\" src=\"data:image\/svg+xml;base64,PHN2ZyB3aWR0aD0iMSIgaGVpZ2h0PSIxIiB4bWxucz0iaHR0cDovL3d3dy53My5vcmcvMjAwMC9zdmciPjwvc3ZnPg==\" style=\"--smush-placeholder-width: 651px; --smush-placeholder-aspect-ratio: 651\/436;\" \/><strong>Quellenlink:<\/strong> <span style=\"color: #ff0000;\">WhatClinic-Bewertungen<\/span><\/p>\n<p><img decoding=\"async\" class=\"aligncenter size-full wp-image-240 lazyload\" data-src=\"https:\/\/www.orthodontist-dubai.com\/wp-content\/uploads\/2015\/05\/dr-michaels-clinic-review.png\" alt=\"dr michaels klinik bewertung\" width=\"660\" height=\"700\" data-srcset=\"https:\/\/www.orthodontist-dubai.com\/wp-content\/uploads\/2015\/05\/dr-michaels-clinic-review.png 660w, https:\/\/www.orthodontist-dubai.com\/wp-content\/uploads\/2015\/05\/dr-michaels-clinic-review-283x300.png 283w\" data-sizes=\"(max-width: 660px) 100vw, 660px\" src=\"data:image\/svg+xml;base64,PHN2ZyB3aWR0aD0iMSIgaGVpZ2h0PSIxIiB4bWxucz0iaHR0cDovL3d3dy53My5vcmcvMjAwMC9zdmciPjwvc3ZnPg==\" style=\"--smush-placeholder-width: 660px; --smush-placeholder-aspect-ratio: 660\/700;\" \/><\/p>","protected":false},"excerpt":{"rendered":"<p>Name : Dr. Michaels Dental Clinic, Jumeirah Dubai. Phone : +971-43495900 Address: Villa 418 Al Wasl Road, Jumeirah 2, P.O. Box 12372, Dubai, United Arab Emirates Email : jumeirah@drmichaels.com Reviews &amp; Ratings : Source Link : Google Consolidated Patient Reviews Source Link : WhatClinic reviews<\/p>","protected":false},"author":1,"featured_media":0,"parent":0,"menu_order":0,"comment_status":"closed","ping_status":"closed","template":"","meta":{"site-sidebar-layout":"default","site-content-layout":"","ast-site-content-layout":"default","site-content-style":"default","site-sidebar-style":"default","ast-global-header-display":"","ast-banner-title-visibility":"","ast-main-header-display":"","ast-hfb-above-header-display":"","ast-hfb-below-header-display":"","ast-hfb-mobile-header-display":"","site-post-title":"","ast-breadcrumbs-content":"","ast-featured-img":"","footer-sml-layout":"","ast-disable-related-posts":"","theme-transparent-header-meta":"","adv-header-id-meta":"","stick-header-meta":"","header-above-stick-meta":"","header-main-stick-meta":"","header-below-stick-meta":"","astra-migrate-meta-layouts":"default","ast-page-background-enabled":"default","ast-page-background-meta":{"desktop":{"background-color":"var(--ast-global-color-4)","background-image":"","background-repeat":"repeat","background-position":"center center","background-size":"auto","background-attachment":"scroll","background-type":"","background-media":"","overlay-type":"","overlay-color":"","overlay-opacity":"","overlay-gradient":""},"tablet":{"background-color":"","background-image":"","background-repeat":"repeat","background-position":"center center","background-size":"auto","background-attachment":"scroll","background-type":"","background-media":"","overlay-type":"","overlay-color":"","overlay-opacity":"","overlay-gradient":""},"mobile":{"background-color":"","background-image":"","background-repeat":"repeat","background-position":"center center","background-size":"auto","background-attachment":"scroll","background-type":"","background-media":"","overlay-type":"","overlay-color":"","overlay-opacity":"","overlay-gradient":""}},"ast-content-background-meta":{"desktop":{"background-color":"var(--ast-global-color-5)","background-image":"","background-repeat":"repeat","background-position":"center center","background-size":"auto","background-attachment":"scroll","background-type":"","background-media":"","overlay-type":"","overlay-color":"","overlay-opacity":"","overlay-gradient":""},"tablet":{"background-color":"var(--ast-global-color-5)","background-image":"","background-repeat":"repeat","background-position":"center center","background-size":"auto","background-attachment":"scroll","background-type":"","background-media":"","overlay-type":"","overlay-color":"","overlay-opacity":"","overlay-gradient":""},"mobile":{"background-color":"var(--ast-global-color-5)","background-image":"","background-repeat":"repeat","background-position":"center center","background-size":"auto","background-attachment":"scroll","background-type":"","background-media":"","overlay-type":"","overlay-color":"","overlay-opacity":"","overlay-gradient":""}},"footnotes":""},"class_list":["post-235","page","type-page","status-publish","hentry"],"yoast_head":"<!-- This site is optimized with the Yoast SEO plugin v27.4 - https:\/\/yoast.com\/product\/yoast-seo-wordpress\/ -->\n<title>Reviews &amp; Ratings Dr.Michaels Dental Clinic Jumeirah<\/title>\n<meta name=\"robots\" content=\"index, follow, max-snippet:-1, max-image-preview:large, max-video-preview:-1\" \/>\n<link rel=\"canonical\" href=\"https:\/\/www.orthodontist-dubai.com\/de\/bewertungen-bewertungen-dr-michaels-dental-clinic-jumeirah\/\" \/>\n<meta property=\"og:locale\" content=\"de_DE\" \/>\n<meta property=\"og:type\" content=\"article\" \/>\n<meta property=\"og:title\" content=\"Reviews &amp; Ratings Dr.Michaels Dental Clinic Jumeirah\" \/>\n<meta property=\"og:description\" content=\"Name : Dr. Michaels Dental Clinic, Jumeirah Dubai. Phone : +971-43495900 Address: Villa 418 Al Wasl Road, Jumeirah 2, P.O. Box 12372, Dubai, United Arab Emirates Email : jumeirah@drmichaels.com Reviews &amp; Ratings : Source Link : Google Consolidated Patient Reviews Source Link : WhatClinic reviews\" \/>\n<meta property=\"og:url\" content=\"https:\/\/www.orthodontist-dubai.com\/de\/bewertungen-bewertungen-dr-michaels-dental-clinic-jumeirah\/\" \/>\n<meta property=\"og:site_name\" content=\"BEST Orthodontist &amp; Dentist in Dubai UAE for all Dental Treatments\" \/>\n<meta property=\"article:publisher\" content=\"https:\/\/www.facebook.com\/Orthodontist.Dentist.Dubai\/\" \/>\n<meta property=\"article:modified_time\" content=\"2021-10-15T16:41:56+00:00\" \/>\n<meta property=\"og:image\" content=\"https:\/\/www.orthodontist-dubai.com\/wp-content\/uploads\/2015\/05\/dr-michaels-clinic-review-3-150x150.jpg\" \/>\n<meta name=\"twitter:card\" content=\"summary_large_image\" \/>\n<meta name=\"twitter:label1\" content=\"Gesch\u00e4tzte Lesezeit\" \/>\n\t<meta name=\"twitter:data1\" content=\"1\u00a0Minute\" \/>\n<script type=\"application\/ld+json\" class=\"yoast-schema-graph\">{\"@context\":\"https:\\\/\\\/schema.org\",\"@graph\":[{\"@type\":\"WebPage\",\"@id\":\"https:\\\/\\\/www.orthodontist-dubai.com\\\/reviews-ratings-dr-michaels-dental-clinic-jumeirah\\\/\",\"url\":\"https:\\\/\\\/www.orthodontist-dubai.com\\\/reviews-ratings-dr-michaels-dental-clinic-jumeirah\\\/\",\"name\":\"Reviews & Ratings Dr.Michaels Dental Clinic Jumeirah\",\"isPartOf\":{\"@id\":\"https:\\\/\\\/www.orthodontist-dubai.com\\\/#website\"},\"primaryImageOfPage\":{\"@id\":\"https:\\\/\\\/www.orthodontist-dubai.com\\\/reviews-ratings-dr-michaels-dental-clinic-jumeirah\\\/#primaryimage\"},\"image\":{\"@id\":\"https:\\\/\\\/www.orthodontist-dubai.com\\\/reviews-ratings-dr-michaels-dental-clinic-jumeirah\\\/#primaryimage\"},\"thumbnailUrl\":\"https:\\\/\\\/www.orthodontist-dubai.com\\\/wp-content\\\/uploads\\\/2015\\\/05\\\/dr-michaels-clinic-review-3-150x150.jpg\",\"datePublished\":\"2015-05-07T16:11:42+00:00\",\"dateModified\":\"2021-10-15T16:41:56+00:00\",\"breadcrumb\":{\"@id\":\"https:\\\/\\\/www.orthodontist-dubai.com\\\/reviews-ratings-dr-michaels-dental-clinic-jumeirah\\\/#breadcrumb\"},\"inLanguage\":\"de\",\"potentialAction\":[{\"@type\":\"ReadAction\",\"target\":[\"https:\\\/\\\/www.orthodontist-dubai.com\\\/reviews-ratings-dr-michaels-dental-clinic-jumeirah\\\/\"]}]},{\"@type\":\"ImageObject\",\"inLanguage\":\"de\",\"@id\":\"https:\\\/\\\/www.orthodontist-dubai.com\\\/reviews-ratings-dr-michaels-dental-clinic-jumeirah\\\/#primaryimage\",\"url\":\"https:\\\/\\\/www.orthodontist-dubai.com\\\/wp-content\\\/uploads\\\/2015\\\/05\\\/dr-michaels-clinic-review-3-150x150.jpg\",\"contentUrl\":\"https:\\\/\\\/www.orthodontist-dubai.com\\\/wp-content\\\/uploads\\\/2015\\\/05\\\/dr-michaels-clinic-review-3-150x150.jpg\"},{\"@type\":\"BreadcrumbList\",\"@id\":\"https:\\\/\\\/www.orthodontist-dubai.com\\\/reviews-ratings-dr-michaels-dental-clinic-jumeirah\\\/#breadcrumb\",\"itemListElement\":[{\"@type\":\"ListItem\",\"position\":1,\"name\":\"\u2776 Home\",\"item\":\"https:\\\/\\\/www.orthodontist-dubai.com\\\/\"},{\"@type\":\"ListItem\",\"position\":2,\"name\":\"Reviews &#038; Ratings Dr.Michaels Dental Clinic Jumeirah\"}]},{\"@type\":\"WebSite\",\"@id\":\"https:\\\/\\\/www.orthodontist-dubai.com\\\/#website\",\"url\":\"https:\\\/\\\/www.orthodontist-dubai.com\\\/\",\"name\":\"BEST Orthodontist &amp; Dentist in Dubai UAE for all Dental Treatments\",\"description\":\"Cheap &amp; Best Orthodontist &amp; Dentists for all dental treatments in Dubai UAE\",\"publisher\":{\"@id\":\"https:\\\/\\\/www.orthodontist-dubai.com\\\/#organization\"},\"potentialAction\":[{\"@type\":\"SearchAction\",\"target\":{\"@type\":\"EntryPoint\",\"urlTemplate\":\"https:\\\/\\\/www.orthodontist-dubai.com\\\/?s={search_term_string}\"},\"query-input\":{\"@type\":\"PropertyValueSpecification\",\"valueRequired\":true,\"valueName\":\"search_term_string\"}}],\"inLanguage\":\"de\"},{\"@type\":\"Organization\",\"@id\":\"https:\\\/\\\/www.orthodontist-dubai.com\\\/#organization\",\"name\":\"Best Orthodontist & Dentist in Dubai UAE\",\"url\":\"https:\\\/\\\/www.orthodontist-dubai.com\\\/\",\"logo\":{\"@type\":\"ImageObject\",\"inLanguage\":\"de\",\"@id\":\"https:\\\/\\\/www.orthodontist-dubai.com\\\/#\\\/schema\\\/logo\\\/image\\\/\",\"url\":\"https:\\\/\\\/www.orthodontist-dubai.com\\\/wp-content\\\/uploads\\\/2015\\\/04\\\/Othorontist-Dentist-UAE-Logo.png\",\"contentUrl\":\"https:\\\/\\\/www.orthodontist-dubai.com\\\/wp-content\\\/uploads\\\/2015\\\/04\\\/Othorontist-Dentist-UAE-Logo.png\",\"width\":190,\"height\":70,\"caption\":\"Best Orthodontist & Dentist in Dubai UAE\"},\"image\":{\"@id\":\"https:\\\/\\\/www.orthodontist-dubai.com\\\/#\\\/schema\\\/logo\\\/image\\\/\"},\"sameAs\":[\"https:\\\/\\\/www.facebook.com\\\/Orthodontist.Dentist.Dubai\\\/\",\"https:\\\/\\\/www.linkedin.com\\\/in\\\/dr-nazeer-ahmed-meeran-15691083\\\/\"]}]}<\/script>\n<!-- \/ Yoast SEO plugin. -->","yoast_head_json":{"title":"Rezensionen und Bewertungen Dr.Michaels Dental Clinic Jumeirah","robots":{"index":"index","follow":"follow","max-snippet":"max-snippet:-1","max-image-preview":"max-image-preview:large","max-video-preview":"max-video-preview:-1"},"canonical":"https:\/\/www.orthodontist-dubai.com\/de\/bewertungen-bewertungen-dr-michaels-dental-clinic-jumeirah\/","og_locale":"de_DE","og_type":"article","og_title":"Reviews & Ratings Dr.Michaels Dental Clinic Jumeirah","og_description":"Name : Dr. Michaels Dental Clinic, Jumeirah Dubai. Phone : +971-43495900 Address: Villa 418 Al Wasl Road, Jumeirah 2, P.O. Box 12372, Dubai, United Arab Emirates Email : jumeirah@drmichaels.com Reviews &amp; Ratings : Source Link : Google Consolidated Patient Reviews Source Link : WhatClinic reviews","og_url":"https:\/\/www.orthodontist-dubai.com\/de\/bewertungen-bewertungen-dr-michaels-dental-clinic-jumeirah\/","og_site_name":"BEST Orthodontist &amp; Dentist in Dubai UAE for all Dental Treatments","article_publisher":"https:\/\/www.facebook.com\/Orthodontist.Dentist.Dubai\/","article_modified_time":"2021-10-15T16:41:56+00:00","og_image":[{"url":"https:\/\/www.orthodontist-dubai.com\/wp-content\/uploads\/2015\/05\/dr-michaels-clinic-review-3-150x150.jpg","type":"","width":"","height":""}],"twitter_card":"summary_large_image","twitter_misc":{"Gesch\u00e4tzte Lesezeit":"1\u00a0Minute"},"schema":{"@context":"https:\/\/schema.org","@graph":[{"@type":"WebPage","@id":"https:\/\/www.orthodontist-dubai.com\/reviews-ratings-dr-michaels-dental-clinic-jumeirah\/","url":"https:\/\/www.orthodontist-dubai.com\/reviews-ratings-dr-michaels-dental-clinic-jumeirah\/","name":"Rezensionen und Bewertungen Dr.Michaels Dental Clinic Jumeirah","isPartOf":{"@id":"https:\/\/www.orthodontist-dubai.com\/#website"},"primaryImageOfPage":{"@id":"https:\/\/www.orthodontist-dubai.com\/reviews-ratings-dr-michaels-dental-clinic-jumeirah\/#primaryimage"},"image":{"@id":"https:\/\/www.orthodontist-dubai.com\/reviews-ratings-dr-michaels-dental-clinic-jumeirah\/#primaryimage"},"thumbnailUrl":"https:\/\/www.orthodontist-dubai.com\/wp-content\/uploads\/2015\/05\/dr-michaels-clinic-review-3-150x150.jpg","datePublished":"2015-05-07T16:11:42+00:00","dateModified":"2021-10-15T16:41:56+00:00","breadcrumb":{"@id":"https:\/\/www.orthodontist-dubai.com\/reviews-ratings-dr-michaels-dental-clinic-jumeirah\/#breadcrumb"},"inLanguage":"de","potentialAction":[{"@type":"ReadAction","target":["https:\/\/www.orthodontist-dubai.com\/reviews-ratings-dr-michaels-dental-clinic-jumeirah\/"]}]},{"@type":"ImageObject","inLanguage":"de","@id":"https:\/\/www.orthodontist-dubai.com\/reviews-ratings-dr-michaels-dental-clinic-jumeirah\/#primaryimage","url":"https:\/\/www.orthodontist-dubai.com\/wp-content\/uploads\/2015\/05\/dr-michaels-clinic-review-3-150x150.jpg","contentUrl":"https:\/\/www.orthodontist-dubai.com\/wp-content\/uploads\/2015\/05\/dr-michaels-clinic-review-3-150x150.jpg"},{"@type":"BreadcrumbList","@id":"https:\/\/www.orthodontist-dubai.com\/reviews-ratings-dr-michaels-dental-clinic-jumeirah\/#breadcrumb","itemListElement":[{"@type":"ListItem","position":1,"name":"\u2776 Home","item":"https:\/\/www.orthodontist-dubai.com\/"},{"@type":"ListItem","position":2,"name":"Reviews &#038; Ratings Dr.Michaels Dental Clinic Jumeirah"}]},{"@type":"WebSite","@id":"https:\/\/www.orthodontist-dubai.com\/#website","url":"https:\/\/www.orthodontist-dubai.com\/","name":"BESTER Kieferorthop\u00e4de und Zahnarzt in Dubai VAE f\u00fcr alle Zahnbehandlungen","description":"G\u00fcnstiger und bester Kieferorthop\u00e4de und Zahn\u00e4rzte f\u00fcr alle Zahnbehandlungen in Dubai, Vereinigte Arabische Emirate","publisher":{"@id":"https:\/\/www.orthodontist-dubai.com\/#organization"},"potentialAction":[{"@type":"SearchAction","target":{"@type":"EntryPoint","urlTemplate":"https:\/\/www.orthodontist-dubai.com\/?s={search_term_string}"},"query-input":{"@type":"PropertyValueSpecification","valueRequired":true,"valueName":"search_term_string"}}],"inLanguage":"de"},{"@type":"Organization","@id":"https:\/\/www.orthodontist-dubai.com\/#organization","name":"Bester Kieferorthop\u00e4de &amp; Zahnarzt in Dubai VAE","url":"https:\/\/www.orthodontist-dubai.com\/","logo":{"@type":"ImageObject","inLanguage":"de","@id":"https:\/\/www.orthodontist-dubai.com\/#\/schema\/logo\/image\/","url":"https:\/\/www.orthodontist-dubai.com\/wp-content\/uploads\/2015\/04\/Othorontist-Dentist-UAE-Logo.png","contentUrl":"https:\/\/www.orthodontist-dubai.com\/wp-content\/uploads\/2015\/04\/Othorontist-Dentist-UAE-Logo.png","width":190,"height":70,"caption":"Best Orthodontist & Dentist in Dubai UAE"},"image":{"@id":"https:\/\/www.orthodontist-dubai.com\/#\/schema\/logo\/image\/"},"sameAs":["https:\/\/www.facebook.com\/Orthodontist.Dentist.Dubai\/","https:\/\/www.linkedin.com\/in\/dr-nazeer-ahmed-meeran-15691083\/"]}]}},"_links":{"self":[{"href":"https:\/\/www.orthodontist-dubai.com\/de\/wp-json\/wp\/v2\/pages\/235","targetHints":{"allow":["GET"]}}],"collection":[{"href":"https:\/\/www.orthodontist-dubai.com\/de\/wp-json\/wp\/v2\/pages"}],"about":[{"href":"https:\/\/www.orthodontist-dubai.com\/de\/wp-json\/wp\/v2\/types\/page"}],"author":[{"embeddable":true,"href":"https:\/\/www.orthodontist-dubai.com\/de\/wp-json\/wp\/v2\/users\/1"}],"replies":[{"embeddable":true,"href":"https:\/\/www.orthodontist-dubai.com\/de\/wp-json\/wp\/v2\/comments?post=235"}],"version-history":[{"count":1,"href":"https:\/\/www.orthodontist-dubai.com\/de\/wp-json\/wp\/v2\/pages\/235\/revisions"}],"predecessor-version":[{"id":877,"href":"https:\/\/www.orthodontist-dubai.com\/de\/wp-json\/wp\/v2\/pages\/235\/revisions\/877"}],"wp:attachment":[{"href":"https:\/\/www.orthodontist-dubai.com\/de\/wp-json\/wp\/v2\/media?parent=235"}],"curies":[{"name":"wp","href":"https:\/\/api.w.org\/{rel}","templated":true}]}}