{"id":1920,"date":"2023-09-15T22:42:41","date_gmt":"2023-09-15T18:42:41","guid":{"rendered":"https:\/\/www.orthodontist-dubai.com\/?page_id=1920"},"modified":"2024-09-08T22:23:37","modified_gmt":"2024-09-08T18:23:37","slug":"dental-x-ray-in-dubai-uae","status":"publish","type":"page","link":"https:\/\/www.orthodontist-dubai.com\/de\/zahnrontgen-in-dubai-vereinigte-arabische-emirate\/","title":{"rendered":"Zahnr\u00f6ntgen in Dubai, Vereinigte Arabische Emirate"},"content":{"rendered":"<p>Zahn\u00e4rztliche R\u00f6ntgenaufnahmen werden von Zahn\u00e4rzten in Dubai zur Diagnose und Visualisierung des Zustands der Z\u00e4hne, des Zahnfleisches und anderer umgebender oraler Strukturen eines Patienten f\u00fcr verschiedene Zahnbehandlungen verwendet. Diese R\u00f6ntgenaufnahmen geben Aufschluss \u00fcber den oralen Zustand eines Patienten und die erforderliche Behandlung, da dies nicht allein durch eine einfache visuelle Untersuchung best\u00e4tigt werden kann. Die Kosten f\u00fcr eine einzelne periapikale R\u00f6ntgenaufnahme in Dubai, VAE, betragen 75 AED. Eine OPG-R\u00f6ntgenaufnahme (Orthopantomogramm), die auch als Panoramar\u00f6ntgenaufnahme bezeichnet wird, ist eine spezielle zahn\u00e4rztliche R\u00f6ntgenaufnahme, die eine umfassende Panoramaansicht Ihres Ober- und Unterkiefers, Ihrer Z\u00e4hne und aller umgebenden Strukturen in einem einzigen Bild bietet. Die Kosten f\u00fcr eine OPG-R\u00f6ntgenaufnahme betragen 300 AED.<\/p>\n\n\n\n<figure class=\"wp-block-image aligncenter size-full\"><a href=\"https:\/\/www.orthodontist-dubai.com\/de\/kontaktiere-uns\/\"><img decoding=\"async\" width=\"800\" height=\"510\" data-src=\"https:\/\/www.orthodontist-dubai.com\/wp-content\/uploads\/2023\/09\/Dental-X-Ray-in-Dubai-UAE.webp\" alt=\"Zahnr\u00f6ntgenaufnahme in Dubai, Vereinigte Arabische Emirate\" class=\"wp-image-1921 lazyload\" data-srcset=\"https:\/\/www.orthodontist-dubai.com\/wp-content\/uploads\/2023\/09\/Dental-X-Ray-in-Dubai-UAE.webp 800w, https:\/\/www.orthodontist-dubai.com\/wp-content\/uploads\/2023\/09\/Dental-X-Ray-in-Dubai-UAE-300x191.webp 300w, https:\/\/www.orthodontist-dubai.com\/wp-content\/uploads\/2023\/09\/Dental-X-Ray-in-Dubai-UAE-768x490.webp 768w, https:\/\/www.orthodontist-dubai.com\/wp-content\/uploads\/2023\/09\/Dental-X-Ray-in-Dubai-UAE-18x12.webp 18w\" data-sizes=\"(max-width: 800px) 100vw, 800px\" src=\"data:image\/svg+xml;base64,PHN2ZyB3aWR0aD0iMSIgaGVpZ2h0PSIxIiB4bWxucz0iaHR0cDovL3d3dy53My5vcmcvMjAwMC9zdmciPjwvc3ZnPg==\" style=\"--smush-placeholder-width: 800px; --smush-placeholder-aspect-ratio: 800\/510;\" \/><\/a><\/figure>\n\n\n\n<p><strong>Verwendungsm\u00f6glichkeiten von Zahnr\u00f6ntgen:<\/strong><\/p>\n\n\n\n<ol class=\"wp-block-list\">\n<li>Zur Erkennung von Karies: Zahnr\u00f6ntgenaufnahmen k\u00f6nnen Aufschluss \u00fcber Karies (die Karies verursacht) geben, die mit blo\u00dfem Auge eines Zahnarztes m\u00f6glicherweise nicht sichtbar ist. Werden Karies fr\u00fchzeitig erkannt, sind die dadurch verursachten Sch\u00e4den sehr gering.<\/li>\n\n\n\n<li>Beurteilung Ihrer Zahn- und Wurzelstruktur: Zahnr\u00f6ntgenaufnahmen helfen Zahn\u00e4rzten, die Struktur Ihrer Z\u00e4hne und Wurzeln zu analysieren und so Wurzelinfektionen, Br\u00fcche oder andere Anomalien zu erkennen.<\/li>\n\n\n\n<li>Zahnfleisch- und Parodontalgesundheit: Diese R\u00f6ntgenaufnahmen k\u00f6nnen die Gesundheit Ihres Zahnfleisches und der Knochen, die Ihre Z\u00e4hne st\u00fctzen, aufzeigen und so bei der Diagnose von Zahnfleischerkrankungen wie Gingivitis und Parodontitis helfen.<\/li>\n\n\n\n<li>Impaktierte Z\u00e4hne: Zahnr\u00f6ntgenaufnahmen sind sehr n\u00fctzlich, um retinierte Z\u00e4hne wie Ihren zu identifizieren <a href=\"https:\/\/www.orthodontist-dubai.com\/de\/weisheitszahn-entfernung-extraktion\/\">Weisheitsz\u00e4hne<\/a> das kann eine Extraktion erfordern.<\/li>\n\n\n\n<li>Kieferorthop\u00e4dische Behandlungen: Zahn\u00e4rzte und Kieferorthop\u00e4den nutzen R\u00f6ntgenstrahlen zur Planung kieferorthop\u00e4discher Behandlungen wie z <a href=\"https:\/\/www.orthodontist-dubai.com\/de\/hosentrager-in-dubai\/\">Zahnspange<\/a> oder <a href=\"https:\/\/www.orthodontist-dubai.com\/de\/invisalign\/\">Invisalign<\/a>.<\/li>\n\n\n\n<li>Implantatplanung: Zahnr\u00f6ntgenaufnahmen k\u00f6nnen dabei helfen, die Knochenqualit\u00e4t ordnungsgem\u00e4\u00df zu beurteilen <a href=\"https:\/\/www.orthodontist-dubai.com\/de\/zahnersatz-zahnimplantate\/\">Zahnimplantat<\/a> Platzierung.<\/li>\n<\/ol>\n\n\n\n<p><strong>Vorteile der Verwendung von Zahnr\u00f6ntgen:<\/strong><\/p>\n\n\n\n<p>Die Verwendung von Zahnr\u00f6ntgen f\u00fcr die Diagnose bietet viele Vorteile, wie zum Beispiel:<\/p>\n\n\n\n<ol class=\"wp-block-list\">\n<li>Fr\u00fcherkennung von Zahnproblemen, wodurch eine rechtzeitige Behandlung erm\u00f6glicht und eine Eskalation von Zahnproblemen verhindert wird.<\/li>\n\n\n\n<li>Zahnr\u00f6ntgenaufnahmen liefern pr\u00e4zise Bilder Ihrer Mundstrukturen und helfen so bei einer sehr genauen Diagnose Ihrer Erkrankung und einer effizienten Planung der Zahnbehandlung.<\/li>\n\n\n\n<li>Sie helfen Zahn\u00e4rzten dabei, Patienten direkt \u00fcber ihre Zahnerkrankungen und verf\u00fcgbaren Behandlungsm\u00f6glichkeiten zu informieren, indem sie ihnen Zahnr\u00f6ntgenbilder zeigen.<\/li>\n<\/ol>\n\n\n\n<p><strong>Nachteile von Zahnr\u00f6ntgen:<\/strong><\/p>\n\n\n\n<ol class=\"wp-block-list\">\n<li>Obwohl die Strahlenbelastung durch Zahnr\u00f6ntgen minimal ist, besteht das Risiko einer wiederholten Strahlenbelastung im Laufe der Zeit und sollte insbesondere bei schwangeren Frauen vermieden werden.<\/li>\n\n\n\n<li>Manche Patienten versp\u00fcren aufgrund des R\u00f6ntgenger\u00e4ts und der verwendeten Schutzausr\u00fcstung ein leichtes Unbehagen.<\/li>\n\n\n\n<li>In einigen F\u00e4llen liefern Zahnr\u00f6ntgenaufnahmen m\u00f6glicherweise nicht immer eine vollst\u00e4ndige Diagnose der Mundgesundheit und es k\u00f6nnen zus\u00e4tzliche bildgebende oder diagnostische Methoden erforderlich sein.<\/li>\n<\/ol>\n\n\n\n<p><strong>Das Verfahren zur Anfertigung einer Zahnr\u00f6ntgenaufnahme besteht aus den folgenden Schritten:<\/strong><\/p>\n\n\n\n<ol class=\"wp-block-list\">\n<li>Der Patient tr\u00e4gt zum Schutz vor Strahlenbelastung eine Bleisch\u00fcrze und wird auf die zahn\u00e4rztliche R\u00f6ntgenaufnahme vorbereitet.<\/li>\n\n\n\n<li>Der Patient wird entsprechend der Art der Zahnr\u00f6ntgenaufnahme positioniert \u2013 etwa zur Erkennung von Karies, zur Beurteilung eines bestimmten Zahns oder zur Erstellung eines Gesamt\u00fcberblicks \u00fcber Ihren Mund usw.<\/li>\n\n\n\n<li>Ihr Zahnarzt oder der Zahntechniker in der Klinik verwendet ein zahn\u00e4rztliches R\u00f6ntgenger\u00e4t, um diese Bilder aufzunehmen, w\u00e4hrend der Patient still h\u00e4lt.<\/li>\n\n\n\n<li>Die Bilder werden auf R\u00f6ntgenfilm oder digital entwickelt. Sp\u00e4ter analysiert Ihr Zahnarzt die R\u00f6ntgenbilder, um eine Diagnose zu stellen und die Behandlung entsprechend zu planen.<\/li>\n<\/ol>\n\n\n\n<p><a href=\"https:\/\/www.orthodontist-dubai.com\/de\/kontaktiere-uns\/\">Kontaktiere uns<\/a> f\u00fcr eine KOSTENLOSE Beratung f\u00fcr Ihre Zahnr\u00f6ntgenaufnahme in Dubai, Vereinigte Arabische Emirate.<\/p>","protected":false},"excerpt":{"rendered":"<p>Dental X-rays are used by dentists in Dubai for diagnosing &amp; visualizing the condition of a patient&#8217;s teeth, gums and other surrounding oral structures for various dental treatments. These X-rays provide insights about a patient&#8217;s oral condition &amp; the treatment required as it cannot be just confirmed from a simple visual examination. Cost of a [&hellip;]<\/p>\n","protected":false},"author":1,"featured_media":0,"parent":0,"menu_order":0,"comment_status":"closed","ping_status":"closed","template":"","meta":{"site-sidebar-layout":"default","site-content-layout":"","ast-site-content-layout":"default","site-content-style":"default","site-sidebar-style":"default","ast-global-header-display":"","ast-banner-title-visibility":"","ast-main-header-display":"","ast-hfb-above-header-display":"","ast-hfb-below-header-display":"","ast-hfb-mobile-header-display":"","site-post-title":"","ast-breadcrumbs-content":"","ast-featured-img":"","footer-sml-layout":"","ast-disable-related-posts":"","theme-transparent-header-meta":"","adv-header-id-meta":"","stick-header-meta":"","header-above-stick-meta":"","header-main-stick-meta":"","header-below-stick-meta":"","astra-migrate-meta-layouts":"set","ast-page-background-enabled":"default","ast-page-background-meta":{"desktop":{"background-color":"var(--ast-global-color-4)","background-image":"","background-repeat":"repeat","background-position":"center center","background-size":"auto","background-attachment":"scroll","background-type":"","background-media":"","overlay-type":"","overlay-color":"","overlay-opacity":"","overlay-gradient":""},"tablet":{"background-color":"","background-image":"","background-repeat":"repeat","background-position":"center center","background-size":"auto","background-attachment":"scroll","background-type":"","background-media":"","overlay-type":"","overlay-color":"","overlay-opacity":"","overlay-gradient":""},"mobile":{"background-color":"","background-image":"","background-repeat":"repeat","background-position":"center center","background-size":"auto","background-attachment":"scroll","background-type":"","background-media":"","overlay-type":"","overlay-color":"","overlay-opacity":"","overlay-gradient":""}},"ast-content-background-meta":{"desktop":{"background-color":"var(--ast-global-color-5)","background-image":"","background-repeat":"repeat","background-position":"center center","background-size":"auto","background-attachment":"scroll","background-type":"","background-media":"","overlay-type":"","overlay-color":"","overlay-opacity":"","overlay-gradient":""},"tablet":{"background-color":"var(--ast-global-color-5)","background-image":"","background-repeat":"repeat","background-position":"center center","background-size":"auto","background-attachment":"scroll","background-type":"","background-media":"","overlay-type":"","overlay-color":"","overlay-opacity":"","overlay-gradient":""},"mobile":{"background-color":"var(--ast-global-color-5)","background-image":"","background-repeat":"repeat","background-position":"center center","background-size":"auto","background-attachment":"scroll","background-type":"","background-media":"","overlay-type":"","overlay-color":"","overlay-opacity":"","overlay-gradient":""}},"footnotes":""},"class_list":["post-1920","page","type-page","status-publish","hentry"],"yoast_head":"<!-- This site is optimized with the Yoast SEO plugin v27.5 - https:\/\/yoast.com\/product\/yoast-seo-wordpress\/ -->\n<title>Affordable Dental X-Ray in Dubai UAE | Dental X ray cost in Dubai<\/title>\n<meta name=\"robots\" content=\"index, follow, max-snippet:-1, max-image-preview:large, max-video-preview:-1\" \/>\n<link rel=\"canonical\" href=\"https:\/\/www.orthodontist-dubai.com\/de\/zahnrontgen-in-dubai-vereinigte-arabische-emirate\/\" \/>\n<meta property=\"og:locale\" content=\"de_DE\" \/>\n<meta property=\"og:type\" content=\"article\" \/>\n<meta property=\"og:title\" content=\"Affordable Dental X-Ray in Dubai UAE | Dental X ray cost in Dubai\" \/>\n<meta property=\"og:description\" content=\"Dental X-rays are used by dentists in Dubai for diagnosing &amp; visualizing the condition of a patient&#8217;s teeth, gums and other surrounding oral structures for various dental treatments. These X-rays provide insights about a patient&#8217;s oral condition &amp; the treatment required as it cannot be just confirmed from a simple visual examination. Cost of a [&hellip;]\" \/>\n<meta property=\"og:url\" content=\"https:\/\/www.orthodontist-dubai.com\/de\/zahnrontgen-in-dubai-vereinigte-arabische-emirate\/\" \/>\n<meta property=\"og:site_name\" content=\"BEST Orthodontist &amp; Dentist in Dubai UAE for all Dental Treatments\" \/>\n<meta property=\"article:publisher\" content=\"https:\/\/www.facebook.com\/Orthodontist.Dentist.Dubai\/\" \/>\n<meta property=\"article:modified_time\" content=\"2024-09-08T18:23:37+00:00\" \/>\n<meta property=\"og:image\" content=\"https:\/\/www.orthodontist-dubai.com\/wp-content\/uploads\/2023\/09\/Dental-X-Ray-in-Dubai-UAE.webp\" \/>\n<meta name=\"twitter:card\" content=\"summary_large_image\" \/>\n<meta name=\"twitter:label1\" content=\"Gesch\u00e4tzte Lesezeit\" \/>\n\t<meta name=\"twitter:data1\" content=\"3\u00a0Minuten\" \/>\n<script type=\"application\/ld+json\" class=\"yoast-schema-graph\">{\"@context\":\"https:\\\/\\\/schema.org\",\"@graph\":[{\"@type\":\"WebPage\",\"@id\":\"https:\\\/\\\/www.orthodontist-dubai.com\\\/dental-x-ray-in-dubai-uae\\\/\",\"url\":\"https:\\\/\\\/www.orthodontist-dubai.com\\\/dental-x-ray-in-dubai-uae\\\/\",\"name\":\"Affordable Dental X-Ray in Dubai UAE | Dental X ray cost in Dubai\",\"isPartOf\":{\"@id\":\"https:\\\/\\\/www.orthodontist-dubai.com\\\/#website\"},\"primaryImageOfPage\":{\"@id\":\"https:\\\/\\\/www.orthodontist-dubai.com\\\/dental-x-ray-in-dubai-uae\\\/#primaryimage\"},\"image\":{\"@id\":\"https:\\\/\\\/www.orthodontist-dubai.com\\\/dental-x-ray-in-dubai-uae\\\/#primaryimage\"},\"thumbnailUrl\":\"https:\\\/\\\/www.orthodontist-dubai.com\\\/wp-content\\\/uploads\\\/2023\\\/09\\\/Dental-X-Ray-in-Dubai-UAE.webp\",\"datePublished\":\"2023-09-15T18:42:41+00:00\",\"dateModified\":\"2024-09-08T18:23:37+00:00\",\"breadcrumb\":{\"@id\":\"https:\\\/\\\/www.orthodontist-dubai.com\\\/dental-x-ray-in-dubai-uae\\\/#breadcrumb\"},\"inLanguage\":\"de\",\"potentialAction\":[{\"@type\":\"ReadAction\",\"target\":[\"https:\\\/\\\/www.orthodontist-dubai.com\\\/dental-x-ray-in-dubai-uae\\\/\"]}]},{\"@type\":\"ImageObject\",\"inLanguage\":\"de\",\"@id\":\"https:\\\/\\\/www.orthodontist-dubai.com\\\/dental-x-ray-in-dubai-uae\\\/#primaryimage\",\"url\":\"https:\\\/\\\/www.orthodontist-dubai.com\\\/wp-content\\\/uploads\\\/2023\\\/09\\\/Dental-X-Ray-in-Dubai-UAE.webp\",\"contentUrl\":\"https:\\\/\\\/www.orthodontist-dubai.com\\\/wp-content\\\/uploads\\\/2023\\\/09\\\/Dental-X-Ray-in-Dubai-UAE.webp\"},{\"@type\":\"BreadcrumbList\",\"@id\":\"https:\\\/\\\/www.orthodontist-dubai.com\\\/dental-x-ray-in-dubai-uae\\\/#breadcrumb\",\"itemListElement\":[{\"@type\":\"ListItem\",\"position\":1,\"name\":\"\u2776 Home\",\"item\":\"https:\\\/\\\/www.orthodontist-dubai.com\\\/\"},{\"@type\":\"ListItem\",\"position\":2,\"name\":\"Dental X-Ray in Dubai UAE\"}]},{\"@type\":\"WebSite\",\"@id\":\"https:\\\/\\\/www.orthodontist-dubai.com\\\/#website\",\"url\":\"https:\\\/\\\/www.orthodontist-dubai.com\\\/\",\"name\":\"BEST Orthodontist &amp; Dentist in Dubai UAE for all Dental Treatments\",\"description\":\"Cheap &amp; Best Orthodontist &amp; Dentists for all dental treatments in Dubai UAE\",\"publisher\":{\"@id\":\"https:\\\/\\\/www.orthodontist-dubai.com\\\/#organization\"},\"potentialAction\":[{\"@type\":\"SearchAction\",\"target\":{\"@type\":\"EntryPoint\",\"urlTemplate\":\"https:\\\/\\\/www.orthodontist-dubai.com\\\/?s={search_term_string}\"},\"query-input\":{\"@type\":\"PropertyValueSpecification\",\"valueRequired\":true,\"valueName\":\"search_term_string\"}}],\"inLanguage\":\"de\"},{\"@type\":\"Organization\",\"@id\":\"https:\\\/\\\/www.orthodontist-dubai.com\\\/#organization\",\"name\":\"Best Orthodontist & Dentist in Dubai UAE\",\"url\":\"https:\\\/\\\/www.orthodontist-dubai.com\\\/\",\"logo\":{\"@type\":\"ImageObject\",\"inLanguage\":\"de\",\"@id\":\"https:\\\/\\\/www.orthodontist-dubai.com\\\/#\\\/schema\\\/logo\\\/image\\\/\",\"url\":\"https:\\\/\\\/www.orthodontist-dubai.com\\\/wp-content\\\/uploads\\\/2015\\\/04\\\/Othorontist-Dentist-UAE-Logo.png\",\"contentUrl\":\"https:\\\/\\\/www.orthodontist-dubai.com\\\/wp-content\\\/uploads\\\/2015\\\/04\\\/Othorontist-Dentist-UAE-Logo.png\",\"width\":190,\"height\":70,\"caption\":\"Best Orthodontist & Dentist in Dubai UAE\"},\"image\":{\"@id\":\"https:\\\/\\\/www.orthodontist-dubai.com\\\/#\\\/schema\\\/logo\\\/image\\\/\"},\"sameAs\":[\"https:\\\/\\\/www.facebook.com\\\/Orthodontist.Dentist.Dubai\\\/\",\"https:\\\/\\\/www.linkedin.com\\\/in\\\/dr-nazeer-ahmed-meeran-15691083\\\/\"]}]}<\/script>\n<!-- \/ Yoast SEO plugin. -->","yoast_head_json":{"title":"Erschwingliche Zahnr\u00f6ntgenaufnahme in Dubai, Vereinigte Arabische Emirate | Kosten f\u00fcr Zahnr\u00f6ntgen in Dubai","robots":{"index":"index","follow":"follow","max-snippet":"max-snippet:-1","max-image-preview":"max-image-preview:large","max-video-preview":"max-video-preview:-1"},"canonical":"https:\/\/www.orthodontist-dubai.com\/de\/zahnrontgen-in-dubai-vereinigte-arabische-emirate\/","og_locale":"de_DE","og_type":"article","og_title":"Affordable Dental X-Ray in Dubai UAE | Dental X ray cost in Dubai","og_description":"Dental X-rays are used by dentists in Dubai for diagnosing &amp; visualizing the condition of a patient&#8217;s teeth, gums and other surrounding oral structures for various dental treatments. These X-rays provide insights about a patient&#8217;s oral condition &amp; the treatment required as it cannot be just confirmed from a simple visual examination. Cost of a [&hellip;]","og_url":"https:\/\/www.orthodontist-dubai.com\/de\/zahnrontgen-in-dubai-vereinigte-arabische-emirate\/","og_site_name":"BEST Orthodontist &amp; Dentist in Dubai UAE for all Dental Treatments","article_publisher":"https:\/\/www.facebook.com\/Orthodontist.Dentist.Dubai\/","article_modified_time":"2024-09-08T18:23:37+00:00","og_image":[{"url":"https:\/\/www.orthodontist-dubai.com\/wp-content\/uploads\/2023\/09\/Dental-X-Ray-in-Dubai-UAE.webp","type":"","width":"","height":""}],"twitter_card":"summary_large_image","twitter_misc":{"Gesch\u00e4tzte Lesezeit":"3\u00a0Minuten"},"schema":{"@context":"https:\/\/schema.org","@graph":[{"@type":"WebPage","@id":"https:\/\/www.orthodontist-dubai.com\/dental-x-ray-in-dubai-uae\/","url":"https:\/\/www.orthodontist-dubai.com\/dental-x-ray-in-dubai-uae\/","name":"Erschwingliche Zahnr\u00f6ntgenaufnahme in Dubai, Vereinigte Arabische Emirate | Kosten f\u00fcr Zahnr\u00f6ntgen in Dubai","isPartOf":{"@id":"https:\/\/www.orthodontist-dubai.com\/#website"},"primaryImageOfPage":{"@id":"https:\/\/www.orthodontist-dubai.com\/dental-x-ray-in-dubai-uae\/#primaryimage"},"image":{"@id":"https:\/\/www.orthodontist-dubai.com\/dental-x-ray-in-dubai-uae\/#primaryimage"},"thumbnailUrl":"https:\/\/www.orthodontist-dubai.com\/wp-content\/uploads\/2023\/09\/Dental-X-Ray-in-Dubai-UAE.webp","datePublished":"2023-09-15T18:42:41+00:00","dateModified":"2024-09-08T18:23:37+00:00","breadcrumb":{"@id":"https:\/\/www.orthodontist-dubai.com\/dental-x-ray-in-dubai-uae\/#breadcrumb"},"inLanguage":"de","potentialAction":[{"@type":"ReadAction","target":["https:\/\/www.orthodontist-dubai.com\/dental-x-ray-in-dubai-uae\/"]}]},{"@type":"ImageObject","inLanguage":"de","@id":"https:\/\/www.orthodontist-dubai.com\/dental-x-ray-in-dubai-uae\/#primaryimage","url":"https:\/\/www.orthodontist-dubai.com\/wp-content\/uploads\/2023\/09\/Dental-X-Ray-in-Dubai-UAE.webp","contentUrl":"https:\/\/www.orthodontist-dubai.com\/wp-content\/uploads\/2023\/09\/Dental-X-Ray-in-Dubai-UAE.webp"},{"@type":"BreadcrumbList","@id":"https:\/\/www.orthodontist-dubai.com\/dental-x-ray-in-dubai-uae\/#breadcrumb","itemListElement":[{"@type":"ListItem","position":1,"name":"\u2776 Home","item":"https:\/\/www.orthodontist-dubai.com\/"},{"@type":"ListItem","position":2,"name":"Dental X-Ray in Dubai UAE"}]},{"@type":"WebSite","@id":"https:\/\/www.orthodontist-dubai.com\/#website","url":"https:\/\/www.orthodontist-dubai.com\/","name":"BESTER Kieferorthop\u00e4de und Zahnarzt in Dubai VAE f\u00fcr alle Zahnbehandlungen","description":"G\u00fcnstiger und bester Kieferorthop\u00e4de und Zahn\u00e4rzte f\u00fcr alle Zahnbehandlungen in Dubai, Vereinigte Arabische Emirate","publisher":{"@id":"https:\/\/www.orthodontist-dubai.com\/#organization"},"potentialAction":[{"@type":"SearchAction","target":{"@type":"EntryPoint","urlTemplate":"https:\/\/www.orthodontist-dubai.com\/?s={search_term_string}"},"query-input":{"@type":"PropertyValueSpecification","valueRequired":true,"valueName":"search_term_string"}}],"inLanguage":"de"},{"@type":"Organization","@id":"https:\/\/www.orthodontist-dubai.com\/#organization","name":"Bester Kieferorthop\u00e4de &amp; Zahnarzt in Dubai VAE","url":"https:\/\/www.orthodontist-dubai.com\/","logo":{"@type":"ImageObject","inLanguage":"de","@id":"https:\/\/www.orthodontist-dubai.com\/#\/schema\/logo\/image\/","url":"https:\/\/www.orthodontist-dubai.com\/wp-content\/uploads\/2015\/04\/Othorontist-Dentist-UAE-Logo.png","contentUrl":"https:\/\/www.orthodontist-dubai.com\/wp-content\/uploads\/2015\/04\/Othorontist-Dentist-UAE-Logo.png","width":190,"height":70,"caption":"Best Orthodontist & Dentist in Dubai UAE"},"image":{"@id":"https:\/\/www.orthodontist-dubai.com\/#\/schema\/logo\/image\/"},"sameAs":["https:\/\/www.facebook.com\/Orthodontist.Dentist.Dubai\/","https:\/\/www.linkedin.com\/in\/dr-nazeer-ahmed-meeran-15691083\/"]}]}},"_links":{"self":[{"href":"https:\/\/www.orthodontist-dubai.com\/de\/wp-json\/wp\/v2\/pages\/1920","targetHints":{"allow":["GET"]}}],"collection":[{"href":"https:\/\/www.orthodontist-dubai.com\/de\/wp-json\/wp\/v2\/pages"}],"about":[{"href":"https:\/\/www.orthodontist-dubai.com\/de\/wp-json\/wp\/v2\/types\/page"}],"author":[{"embeddable":true,"href":"https:\/\/www.orthodontist-dubai.com\/de\/wp-json\/wp\/v2\/users\/1"}],"replies":[{"embeddable":true,"href":"https:\/\/www.orthodontist-dubai.com\/de\/wp-json\/wp\/v2\/comments?post=1920"}],"version-history":[{"count":7,"href":"https:\/\/www.orthodontist-dubai.com\/de\/wp-json\/wp\/v2\/pages\/1920\/revisions"}],"predecessor-version":[{"id":2379,"href":"https:\/\/www.orthodontist-dubai.com\/de\/wp-json\/wp\/v2\/pages\/1920\/revisions\/2379"}],"wp:attachment":[{"href":"https:\/\/www.orthodontist-dubai.com\/de\/wp-json\/wp\/v2\/media?parent=1920"}],"curies":[{"name":"wp","href":"https:\/\/api.w.org\/{rel}","templated":true}]}}