{"id":157,"date":"2015-04-15T07:04:06","date_gmt":"2015-04-15T07:04:06","guid":{"rendered":"https:\/\/www.orthodontist-dubai.com\/?page_id=157"},"modified":"2023-10-20T13:15:00","modified_gmt":"2023-10-20T09:15:00","slug":"crowns-and-bridges","status":"publish","type":"page","link":"https:\/\/www.orthodontist-dubai.com\/de\/kronen-und-brucken\/","title":{"rendered":"Zahnkronen und Zahnbr\u00fccken"},"content":{"rendered":"<p>Diese sind <strong>festsitzende Prothesen<\/strong> gemacht von <strong>Zahn\u00e4rzte<\/strong>. Sie sind nicht entfernbar wie <strong>Zahnersatz<\/strong> und sind <strong>auf Ihre vorhandenen Z\u00e4hne oder Implantate zementiert<\/strong>. Sie k\u00f6nnen nur von Zahn\u00e4rzten entfernt werden. Zahnkronen dienen dem Schutz besch\u00e4digter oder geschw\u00e4chter Z\u00e4hne. Zahnkronen werden auch als \u201e<em>Zahnkappen<\/em>\u201c. Dabei handelt es sich um zahnf\u00f6rmige \u201eKappen\u201c, die von Ihrem Zahnarzt individuell angefertigt und \u00fcber Ihren pr\u00e4parierten Zahn gest\u00fclpt werden. Zahnkronen bedecken Ihren Zahn vom Zahnfleischrand bis zur Kaufl\u00e4che.<\/p>\n<p><img decoding=\"async\" class=\"aligncenter lazyload\" data-src=\"https:\/\/www.orthodontist-dubai.com\/wp-content\/uploads\/2023\/10\/Dental-Crown-Bridges-in-Dubai-UAE-Before-After-treatment-pictures.jpg\" alt=\"Zahnkronen und Br\u00fccken in Dubai, Vereinigte Arabische Emirate, Bilder vor und nach der Behandlung\" width=\"1016\" height=\"867\" src=\"data:image\/svg+xml;base64,PHN2ZyB3aWR0aD0iMSIgaGVpZ2h0PSIxIiB4bWxucz0iaHR0cDovL3d3dy53My5vcmcvMjAwMC9zdmciPjwvc3ZnPg==\" style=\"--smush-placeholder-width: 1016px; --smush-placeholder-aspect-ratio: 1016\/867;\" \/><\/p>\n<h2><b>Wie funktionieren Zahnkronen?<\/b><\/h2>\n<p>Kronen bedecken einen besch\u00e4digten Zahn vollst\u00e4ndig (<strong>Zahnkappen)<\/strong>. Es<strong> richtet besch\u00e4digte Z\u00e4hne auf<\/strong> und auch<strong> verbessert Aussehen, Form und Ausrichtung<\/strong>. Eine Krone kann auch \u00fcber einem Implantat platziert werden, um Form und Funktionalit\u00e4t bereitzustellen. <strong>Porzellan<\/strong> oder <strong>Keramikkronen<\/strong> werden farblich auf Ihre Zahnfarbe abgestimmt. Sie k\u00f6nnen auch aus Gold- und Metalllegierungen, Acryl und Keramik hergestellt werden. Vorteil ist, dass sie st\u00e4rker als Keramik sind und f\u00fcr Backenz\u00e4hne empfohlen werden. Eine Alternative ist Porzellan, das mit einem Metall verbunden ist, um ein verbessertes, \u00e4sthetisch \u00fcberlegenes Aussehen zu erzielen.<\/p>\n<h2><b>Wie funktionieren Zahnbr\u00fccken?<\/b><\/h2>\n<p>Wenn Ihnen ein Zahn fehlt, k\u00f6nnen diese L\u00fccken durch Br\u00fccken geschlossen werden. Vorteil ist, dass sie das Ungleichgewicht beheben und andere Z\u00e4hne davor sch\u00fctzen, falsch ausgerichtet zu werden, da die leeren R\u00e4ume einen schlechten Biss verursachen k\u00f6nnen. Auch Zahnfleischerkrankungen und Kiefergelenkserkrankungen k\u00f6nnen vorgebeugt werden. Porzellan kann verwendet werden, um ein nat\u00fcrliches Aussehen zu verleihen.<\/p>\n<h3>Was sind die Vorteile von Zahnkronen?<\/h3>\n<p>1. Zahnkronen werden verwendet, um Ihre schwachen Z\u00e4hne oder solche zu sch\u00fctzen, die Sch\u00e4den wie gro\u00dfe Karies oder Br\u00fcche aufweisen. Sie werden manchmal nach einer Wurzelkanalbehandlung eingesetzt. Durch die Umh\u00fcllung Ihres Zahns k\u00f6nnen weitere Sch\u00e4den verhindert und die strukturelle Integrit\u00e4t Ihres Zahns erhalten werden.<br \/>\n2. Zahnkronen sind so konzipiert, dass sie genau wie Ihr nat\u00fcrlicher Zahn aussehen und ihn bei der normalen Bei\u00df- und Kaufunktion unterst\u00fctzen.<br \/>\n3. Zahnkronen aus zahnfarbenem Porzellan k\u00f6nnen das Gesamtbild eines Zahns verbessern und ihm ein sehr nat\u00fcrliches Aussehen verleihen.<br \/>\n4. Zahnkronen werden zur Verankerung von Zahnbr\u00fccken verwendet, die die L\u00fccke schlie\u00dfen sollen, die durch fehlende Z\u00e4hne in Ihrem Mund entsteht. Diese Zahnkronen auf benachbarten gesunden Z\u00e4hnen unterst\u00fctzen die Zahnbr\u00fccken.<br \/>\n5. Zahnkronen werden auch zur Abdeckung von Zahnimplantaten verwendet.<\/p>\n<h3>Aus welchen Materialien werden Zahnkronen hergestellt?<\/h3>\n<p>Es gibt viele Arten von Materialien, die f\u00fcr Zahnkronen verwendet werden. Die Auswahl basiert auf Faktoren wie der Lage des Zahns, der eine Zahnkrone ben\u00f6tigt, den pers\u00f6nlichen Vorlieben des Patienten und auch der Empfehlung Ihres Zahnarztes.<\/p>\n<p><img decoding=\"async\" class=\"aligncenter size-full wp-image-2121 lazyload\" data-src=\"https:\/\/www.orthodontist-dubai.com\/wp-content\/uploads\/2023\/10\/Types-of-Dental-Crowns-in-Dubai-UAE.jpg\" alt=\"Arten von Zahnkronen in Dubai, Vereinigte Arabische Emirate\" width=\"840\" height=\"259\" data-srcset=\"https:\/\/www.orthodontist-dubai.com\/wp-content\/uploads\/2023\/10\/Types-of-Dental-Crowns-in-Dubai-UAE.jpg 840w, https:\/\/www.orthodontist-dubai.com\/wp-content\/uploads\/2023\/10\/Types-of-Dental-Crowns-in-Dubai-UAE-300x93.jpg 300w, https:\/\/www.orthodontist-dubai.com\/wp-content\/uploads\/2023\/10\/Types-of-Dental-Crowns-in-Dubai-UAE-768x237.jpg 768w, https:\/\/www.orthodontist-dubai.com\/wp-content\/uploads\/2023\/10\/Types-of-Dental-Crowns-in-Dubai-UAE-18x6.jpg 18w\" data-sizes=\"(max-width: 840px) 100vw, 840px\" src=\"data:image\/svg+xml;base64,PHN2ZyB3aWR0aD0iMSIgaGVpZ2h0PSIxIiB4bWxucz0iaHR0cDovL3d3dy53My5vcmcvMjAwMC9zdmciPjwvc3ZnPg==\" style=\"--smush-placeholder-width: 840px; --smush-placeholder-aspect-ratio: 840\/259;\" \/><\/p>\n<p><strong> Die zur Herstellung von Zahnkronen verwendeten Materialien sind:<\/strong><\/p>\n<p>1. <strong>Porzellan:<\/strong> Porzellankronen sehen sehr nat\u00fcrlich aus und k\u00f6nnen von Ihrem Zahnarzt an Ihre vorhandene Zahnfarbe angepasst werden. Sie werden f\u00fcr die Vorderz\u00e4hne empfohlen.<br \/>\n2. <strong>Metall:<\/strong> Metallkronen bestehen in der Regel aus goldhaltigen Legierungen. Sie sind auf lange Sicht sehr stark und langlebig. Sie werden haupts\u00e4chlich f\u00fcr Z\u00e4hne im hinteren Teil des Mundes (z. B. Backenz\u00e4hne) verwendet.<br \/>\n3. <strong>Mit Metall verschmolzenes Porzellan (PFM)<\/strong>: Solche Zahnkronen vereinen die Festigkeit von Metall mit dem \u00e4sthetischen zahnfarbenen Aussehen von Porzellanmaterial. Sie sind sowohl f\u00fcr Ihre Vorder- als auch f\u00fcr Ihre Backenz\u00e4hne geeignet.<br \/>\n4. <strong>Vollkeramik oder Vollporzellan<\/strong>: Diese Kronen bestehen vollst\u00e4ndig aus Porzellan und sehen sehr nat\u00fcrlich aus. Sie werden von vielen wegen ihrer Vorderz\u00e4hne gew\u00e4hlt.<br \/>\n5. <strong>Zirkonkronen:<\/strong> Diese bestehen aus Zirkoniumdioxid (auch bekannt als Zirconia), einem sehr starken und langlebigen Keramikmaterial. Der Unterschied zwischen Zirkonkronen und Porzellankronen besteht darin, dass Porzellanmaterial durchscheinender ist und ein sehr nat\u00fcrliches Aussehen verleihen kann, w\u00e4hrend Zirkonoxid unter bestimmten Lichtverh\u00e4ltnissen nicht so durchscheinend ist, dass es einen nat\u00fcrlichen Zahn nachahmt.<\/p>\n<p>Die Wahl des Zahnkronenmaterials h\u00e4ngt von verschiedenen Faktoren ab, wie z. B. der Lage des Zahns, der eine Zahnkrone ben\u00f6tigt, den Vorlieben des Patienten und auch der Empfehlung Ihres Zahnarztes.<\/p>\n<h3>Was ist der schrittweise Prozess, um in Dubai, Vereinigte Arabische Emirate, Zahnkronen zu erhalten?<\/h3>\n<p>1. Vereinbaren Sie einen ersten Beratungstermin mit unserem Zahnarzt in Dubai zur Untersuchung Ihres Zahns. Der Zahnarzt pr\u00fcft und schl\u00e4gt verf\u00fcgbare Behandlungsm\u00f6glichkeiten und Alternativen entsprechend dem aktuellen Zustand Ihres Zahns, Ihrer Zahngeschichte usw. vor. <a href=\"https:\/\/www.orthodontist-dubai.com\/de\/kontaktiere-uns\/\">Kontaktiere uns<\/a> um eine KOSTENLOSE kostenlose Beratung f\u00fcr den Erhalt Ihrer Zahnkrone in unserer Klinik in Dubai, Vereinigte Arabische Emirate, zu vereinbaren.<\/p>\n<p>2. R\u00f6ntgenaufnahmen und Abdr\u00fccke: Ihr Zahnarzt kann diese anfertigen <a href=\"\/de\/_wp_link_placeholder\/\" data-wplink-edit=\"true\">Zahnr\u00f6ntgen<\/a> Ihres betroffenen Zahns, um das aktuelle Ausma\u00df der Sch\u00e4digung oder Karies zu analysieren und auch den umgebenden Knochenzustand zu beurteilen. Ihr Zahnarzt nimmt einen Abdruck Ihres Zahnes und seiner Umgebung.<\/p>\n<p>3. Zahnvorbereitung: Wenn der Schaden an Ihrem aktuellen Zahn schwerwiegend ist, wird Ihr Zahnarzt ihn neu formen, indem er einen Teil seiner \u00e4u\u00dferen Schicht entfernt, um Platz f\u00fcr die Zahnkrone zu schaffen.<\/p>\n<p>4. Provisorische Krone und Kronenherstellung: Der n\u00e4chste Schritt ist die Platzierung einer provisorischen Krone, um den Zahn zu sch\u00fctzen, w\u00e4hrend die permanente Krone im Dentallabor anhand der in fr\u00fcheren Schritten gemachten Abdr\u00fccke individuell angefertigt wird. Eine provisorische Krone tr\u00e4gt au\u00dferdem dazu bei, die Funktionalit\u00e4t und das Aussehen Ihres Zahns zu erhalten (da die Herstellung der Krone mindestens eine Woche dauern kann).<\/p>\n<p>5. Anbringen einer dauerhaften Zahnkrone: Sobald Ihre dauerhafte Krone im Labor fertig ist, wird Ihr Zahnarzt einen Termin f\u00fcr die Anbringung vereinbaren. Ihre provisorische Krone wird entfernt und Ihr Zahnarzt \u00fcberpr\u00fcft den Sitz, die Farbe, die Form und die Ausrichtung der permanenten Krone mit Ihrem nat\u00fcrlichen Biss. Er zementiert die permanente Krone mit Zahnkleber und nimmt Anpassungen vor, um sicherzustellen, dass sie sich f\u00fcr den Patienten angenehm und nat\u00fcrlich anf\u00fchlt. Anschlie\u00dfend wird die Krone so poliert, dass sie wie ein nat\u00fcrlicher Zahn aussieht.<\/p>\n<p>6. Pflege nach der Behandlung: Achten Sie auf eine gute Mundhygiene, um die Langlebigkeit Ihrer Zahnkrone zu gew\u00e4hrleisten, und befolgen Sie die Anweisungen Ihres Zahnarztes nach der Behandlung. Es ist gut, das Rauchen, harte und klebrige Lebensmittel, n\u00e4chtliches Z\u00e4hneknirschen usw. zu vermeiden. Wenn Sie das Gef\u00fchl haben, dass sich die Krone lockert, wenden Sie sich bitte umgehend an Ihren Zahnarzt und versuchen Sie nicht, die Krone selbst anzupassen.<\/p>","protected":false},"excerpt":{"rendered":"<p>These are fixed prosthetic devices done by dentists. They are not removable like dentures and are cemented to your existing teeth or implants. They can be removed only by dentists. Dental crowns are used to protect damaged or weakened tooth. Dental crowns are also called as \u201cdental caps\u201d. They are tooth shaped &#8220;caps&#8221; that are [&hellip;]<\/p>\n","protected":false},"author":1,"featured_media":0,"parent":0,"menu_order":0,"comment_status":"closed","ping_status":"closed","template":"","meta":{"site-sidebar-layout":"default","site-content-layout":"","ast-site-content-layout":"default","site-content-style":"default","site-sidebar-style":"default","ast-global-header-display":"","ast-banner-title-visibility":"","ast-main-header-display":"","ast-hfb-above-header-display":"","ast-hfb-below-header-display":"","ast-hfb-mobile-header-display":"","site-post-title":"","ast-breadcrumbs-content":"","ast-featured-img":"","footer-sml-layout":"","ast-disable-related-posts":"","theme-transparent-header-meta":"","adv-header-id-meta":"","stick-header-meta":"","header-above-stick-meta":"","header-main-stick-meta":"","header-below-stick-meta":"","astra-migrate-meta-layouts":"set","ast-page-background-enabled":"default","ast-page-background-meta":{"desktop":{"background-color":"var(--ast-global-color-4)","background-image":"","background-repeat":"repeat","background-position":"center center","background-size":"auto","background-attachment":"scroll","background-type":"","background-media":"","overlay-type":"","overlay-color":"","overlay-opacity":"","overlay-gradient":""},"tablet":{"background-color":"","background-image":"","background-repeat":"repeat","background-position":"center center","background-size":"auto","background-attachment":"scroll","background-type":"","background-media":"","overlay-type":"","overlay-color":"","overlay-opacity":"","overlay-gradient":""},"mobile":{"background-color":"","background-image":"","background-repeat":"repeat","background-position":"center center","background-size":"auto","background-attachment":"scroll","background-type":"","background-media":"","overlay-type":"","overlay-color":"","overlay-opacity":"","overlay-gradient":""}},"ast-content-background-meta":{"desktop":{"background-color":"var(--ast-global-color-5)","background-image":"","background-repeat":"repeat","background-position":"center center","background-size":"auto","background-attachment":"scroll","background-type":"","background-media":"","overlay-type":"","overlay-color":"","overlay-opacity":"","overlay-gradient":""},"tablet":{"background-color":"var(--ast-global-color-5)","background-image":"","background-repeat":"repeat","background-position":"center center","background-size":"auto","background-attachment":"scroll","background-type":"","background-media":"","overlay-type":"","overlay-color":"","overlay-opacity":"","overlay-gradient":""},"mobile":{"background-color":"var(--ast-global-color-5)","background-image":"","background-repeat":"repeat","background-position":"center center","background-size":"auto","background-attachment":"scroll","background-type":"","background-media":"","overlay-type":"","overlay-color":"","overlay-opacity":"","overlay-gradient":""}},"footnotes":""},"class_list":["post-157","page","type-page","status-publish","hentry"],"yoast_head":"<!-- This site is optimized with the Yoast SEO plugin v27.4 - https:\/\/yoast.com\/product\/yoast-seo-wordpress\/ -->\n<title>DENTAL CROWNS IN DUBAI | DENTAL BRIDGES<\/title>\n<meta name=\"robots\" content=\"index, follow, max-snippet:-1, max-image-preview:large, max-video-preview:-1\" \/>\n<link rel=\"canonical\" href=\"https:\/\/www.orthodontist-dubai.com\/de\/kronen-und-brucken\/\" \/>\n<meta property=\"og:locale\" content=\"de_DE\" \/>\n<meta property=\"og:type\" content=\"article\" \/>\n<meta property=\"og:title\" content=\"DENTAL CROWNS IN DUBAI | DENTAL BRIDGES\" \/>\n<meta property=\"og:description\" content=\"These are fixed prosthetic devices done by dentists. They are not removable like dentures and are cemented to your existing teeth or implants. They can be removed only by dentists. Dental crowns are used to protect damaged or weakened tooth. Dental crowns are also called as \u201cdental caps\u201d. They are tooth shaped &#8220;caps&#8221; that are [&hellip;]\" \/>\n<meta property=\"og:url\" content=\"https:\/\/www.orthodontist-dubai.com\/de\/kronen-und-brucken\/\" \/>\n<meta property=\"og:site_name\" content=\"BEST Orthodontist &amp; Dentist in Dubai UAE for all Dental Treatments\" \/>\n<meta property=\"article:publisher\" content=\"https:\/\/www.facebook.com\/Orthodontist.Dentist.Dubai\/\" \/>\n<meta property=\"article:modified_time\" content=\"2023-10-20T09:15:00+00:00\" \/>\n<meta property=\"og:image\" content=\"https:\/\/www.orthodontist-dubai.com\/wp-content\/uploads\/2023\/10\/Dental-Crown-Bridges-in-Dubai-UAE-Before-After-treatment-pictures.jpg\" \/>\n<meta name=\"twitter:card\" content=\"summary_large_image\" \/>\n<meta name=\"twitter:label1\" content=\"Gesch\u00e4tzte Lesezeit\" \/>\n\t<meta name=\"twitter:data1\" content=\"5\u00a0Minuten\" \/>\n<script type=\"application\/ld+json\" class=\"yoast-schema-graph\">{\"@context\":\"https:\\\/\\\/schema.org\",\"@graph\":[{\"@type\":\"WebPage\",\"@id\":\"https:\\\/\\\/www.orthodontist-dubai.com\\\/crowns-and-bridges\\\/\",\"url\":\"https:\\\/\\\/www.orthodontist-dubai.com\\\/crowns-and-bridges\\\/\",\"name\":\"DENTAL CROWNS IN DUBAI | DENTAL BRIDGES\",\"isPartOf\":{\"@id\":\"https:\\\/\\\/www.orthodontist-dubai.com\\\/#website\"},\"primaryImageOfPage\":{\"@id\":\"https:\\\/\\\/www.orthodontist-dubai.com\\\/crowns-and-bridges\\\/#primaryimage\"},\"image\":{\"@id\":\"https:\\\/\\\/www.orthodontist-dubai.com\\\/crowns-and-bridges\\\/#primaryimage\"},\"thumbnailUrl\":\"https:\\\/\\\/www.orthodontist-dubai.com\\\/wp-content\\\/uploads\\\/2023\\\/10\\\/Dental-Crown-Bridges-in-Dubai-UAE-Before-After-treatment-pictures.jpg\",\"datePublished\":\"2015-04-15T07:04:06+00:00\",\"dateModified\":\"2023-10-20T09:15:00+00:00\",\"breadcrumb\":{\"@id\":\"https:\\\/\\\/www.orthodontist-dubai.com\\\/crowns-and-bridges\\\/#breadcrumb\"},\"inLanguage\":\"de\",\"potentialAction\":[{\"@type\":\"ReadAction\",\"target\":[\"https:\\\/\\\/www.orthodontist-dubai.com\\\/crowns-and-bridges\\\/\"]}]},{\"@type\":\"ImageObject\",\"inLanguage\":\"de\",\"@id\":\"https:\\\/\\\/www.orthodontist-dubai.com\\\/crowns-and-bridges\\\/#primaryimage\",\"url\":\"https:\\\/\\\/www.orthodontist-dubai.com\\\/wp-content\\\/uploads\\\/2023\\\/10\\\/Dental-Crown-Bridges-in-Dubai-UAE-Before-After-treatment-pictures.jpg\",\"contentUrl\":\"https:\\\/\\\/www.orthodontist-dubai.com\\\/wp-content\\\/uploads\\\/2023\\\/10\\\/Dental-Crown-Bridges-in-Dubai-UAE-Before-After-treatment-pictures.jpg\"},{\"@type\":\"BreadcrumbList\",\"@id\":\"https:\\\/\\\/www.orthodontist-dubai.com\\\/crowns-and-bridges\\\/#breadcrumb\",\"itemListElement\":[{\"@type\":\"ListItem\",\"position\":1,\"name\":\"\u2776 Home\",\"item\":\"https:\\\/\\\/www.orthodontist-dubai.com\\\/\"},{\"@type\":\"ListItem\",\"position\":2,\"name\":\"Dental Crown and Dental Bridges\"}]},{\"@type\":\"WebSite\",\"@id\":\"https:\\\/\\\/www.orthodontist-dubai.com\\\/#website\",\"url\":\"https:\\\/\\\/www.orthodontist-dubai.com\\\/\",\"name\":\"BEST Orthodontist &amp; Dentist in Dubai UAE for all Dental Treatments\",\"description\":\"Cheap &amp; Best Orthodontist &amp; Dentists for all dental treatments in Dubai UAE\",\"publisher\":{\"@id\":\"https:\\\/\\\/www.orthodontist-dubai.com\\\/#organization\"},\"potentialAction\":[{\"@type\":\"SearchAction\",\"target\":{\"@type\":\"EntryPoint\",\"urlTemplate\":\"https:\\\/\\\/www.orthodontist-dubai.com\\\/?s={search_term_string}\"},\"query-input\":{\"@type\":\"PropertyValueSpecification\",\"valueRequired\":true,\"valueName\":\"search_term_string\"}}],\"inLanguage\":\"de\"},{\"@type\":\"Organization\",\"@id\":\"https:\\\/\\\/www.orthodontist-dubai.com\\\/#organization\",\"name\":\"Best Orthodontist & Dentist in Dubai UAE\",\"url\":\"https:\\\/\\\/www.orthodontist-dubai.com\\\/\",\"logo\":{\"@type\":\"ImageObject\",\"inLanguage\":\"de\",\"@id\":\"https:\\\/\\\/www.orthodontist-dubai.com\\\/#\\\/schema\\\/logo\\\/image\\\/\",\"url\":\"https:\\\/\\\/www.orthodontist-dubai.com\\\/wp-content\\\/uploads\\\/2015\\\/04\\\/Othorontist-Dentist-UAE-Logo.png\",\"contentUrl\":\"https:\\\/\\\/www.orthodontist-dubai.com\\\/wp-content\\\/uploads\\\/2015\\\/04\\\/Othorontist-Dentist-UAE-Logo.png\",\"width\":190,\"height\":70,\"caption\":\"Best Orthodontist & Dentist in Dubai UAE\"},\"image\":{\"@id\":\"https:\\\/\\\/www.orthodontist-dubai.com\\\/#\\\/schema\\\/logo\\\/image\\\/\"},\"sameAs\":[\"https:\\\/\\\/www.facebook.com\\\/Orthodontist.Dentist.Dubai\\\/\",\"https:\\\/\\\/www.linkedin.com\\\/in\\\/dr-nazeer-ahmed-meeran-15691083\\\/\"]}]}<\/script>\n<!-- \/ Yoast SEO plugin. -->","yoast_head_json":{"title":"Zahnkronen in Dubai | Zahnbr\u00fccken","robots":{"index":"index","follow":"follow","max-snippet":"max-snippet:-1","max-image-preview":"max-image-preview:large","max-video-preview":"max-video-preview:-1"},"canonical":"https:\/\/www.orthodontist-dubai.com\/de\/kronen-und-brucken\/","og_locale":"de_DE","og_type":"article","og_title":"DENTAL CROWNS IN DUBAI | DENTAL BRIDGES","og_description":"These are fixed prosthetic devices done by dentists. They are not removable like dentures and are cemented to your existing teeth or implants. They can be removed only by dentists. Dental crowns are used to protect damaged or weakened tooth. Dental crowns are also called as \u201cdental caps\u201d. They are tooth shaped &#8220;caps&#8221; that are [&hellip;]","og_url":"https:\/\/www.orthodontist-dubai.com\/de\/kronen-und-brucken\/","og_site_name":"BEST Orthodontist &amp; Dentist in Dubai UAE for all Dental Treatments","article_publisher":"https:\/\/www.facebook.com\/Orthodontist.Dentist.Dubai\/","article_modified_time":"2023-10-20T09:15:00+00:00","og_image":[{"url":"https:\/\/www.orthodontist-dubai.com\/wp-content\/uploads\/2023\/10\/Dental-Crown-Bridges-in-Dubai-UAE-Before-After-treatment-pictures.jpg","type":"","width":"","height":""}],"twitter_card":"summary_large_image","twitter_misc":{"Gesch\u00e4tzte Lesezeit":"5\u00a0Minuten"},"schema":{"@context":"https:\/\/schema.org","@graph":[{"@type":"WebPage","@id":"https:\/\/www.orthodontist-dubai.com\/crowns-and-bridges\/","url":"https:\/\/www.orthodontist-dubai.com\/crowns-and-bridges\/","name":"Zahnkronen in Dubai | Zahnbr\u00fccken","isPartOf":{"@id":"https:\/\/www.orthodontist-dubai.com\/#website"},"primaryImageOfPage":{"@id":"https:\/\/www.orthodontist-dubai.com\/crowns-and-bridges\/#primaryimage"},"image":{"@id":"https:\/\/www.orthodontist-dubai.com\/crowns-and-bridges\/#primaryimage"},"thumbnailUrl":"https:\/\/www.orthodontist-dubai.com\/wp-content\/uploads\/2023\/10\/Dental-Crown-Bridges-in-Dubai-UAE-Before-After-treatment-pictures.jpg","datePublished":"2015-04-15T07:04:06+00:00","dateModified":"2023-10-20T09:15:00+00:00","breadcrumb":{"@id":"https:\/\/www.orthodontist-dubai.com\/crowns-and-bridges\/#breadcrumb"},"inLanguage":"de","potentialAction":[{"@type":"ReadAction","target":["https:\/\/www.orthodontist-dubai.com\/crowns-and-bridges\/"]}]},{"@type":"ImageObject","inLanguage":"de","@id":"https:\/\/www.orthodontist-dubai.com\/crowns-and-bridges\/#primaryimage","url":"https:\/\/www.orthodontist-dubai.com\/wp-content\/uploads\/2023\/10\/Dental-Crown-Bridges-in-Dubai-UAE-Before-After-treatment-pictures.jpg","contentUrl":"https:\/\/www.orthodontist-dubai.com\/wp-content\/uploads\/2023\/10\/Dental-Crown-Bridges-in-Dubai-UAE-Before-After-treatment-pictures.jpg"},{"@type":"BreadcrumbList","@id":"https:\/\/www.orthodontist-dubai.com\/crowns-and-bridges\/#breadcrumb","itemListElement":[{"@type":"ListItem","position":1,"name":"\u2776 Home","item":"https:\/\/www.orthodontist-dubai.com\/"},{"@type":"ListItem","position":2,"name":"Dental Crown and Dental Bridges"}]},{"@type":"WebSite","@id":"https:\/\/www.orthodontist-dubai.com\/#website","url":"https:\/\/www.orthodontist-dubai.com\/","name":"BESTER Kieferorthop\u00e4de und Zahnarzt in Dubai VAE f\u00fcr alle Zahnbehandlungen","description":"G\u00fcnstiger und bester Kieferorthop\u00e4de und Zahn\u00e4rzte f\u00fcr alle Zahnbehandlungen in Dubai, Vereinigte Arabische Emirate","publisher":{"@id":"https:\/\/www.orthodontist-dubai.com\/#organization"},"potentialAction":[{"@type":"SearchAction","target":{"@type":"EntryPoint","urlTemplate":"https:\/\/www.orthodontist-dubai.com\/?s={search_term_string}"},"query-input":{"@type":"PropertyValueSpecification","valueRequired":true,"valueName":"search_term_string"}}],"inLanguage":"de"},{"@type":"Organization","@id":"https:\/\/www.orthodontist-dubai.com\/#organization","name":"Bester Kieferorthop\u00e4de &amp; Zahnarzt in Dubai VAE","url":"https:\/\/www.orthodontist-dubai.com\/","logo":{"@type":"ImageObject","inLanguage":"de","@id":"https:\/\/www.orthodontist-dubai.com\/#\/schema\/logo\/image\/","url":"https:\/\/www.orthodontist-dubai.com\/wp-content\/uploads\/2015\/04\/Othorontist-Dentist-UAE-Logo.png","contentUrl":"https:\/\/www.orthodontist-dubai.com\/wp-content\/uploads\/2015\/04\/Othorontist-Dentist-UAE-Logo.png","width":190,"height":70,"caption":"Best Orthodontist & Dentist in Dubai UAE"},"image":{"@id":"https:\/\/www.orthodontist-dubai.com\/#\/schema\/logo\/image\/"},"sameAs":["https:\/\/www.facebook.com\/Orthodontist.Dentist.Dubai\/","https:\/\/www.linkedin.com\/in\/dr-nazeer-ahmed-meeran-15691083\/"]}]}},"_links":{"self":[{"href":"https:\/\/www.orthodontist-dubai.com\/de\/wp-json\/wp\/v2\/pages\/157","targetHints":{"allow":["GET"]}}],"collection":[{"href":"https:\/\/www.orthodontist-dubai.com\/de\/wp-json\/wp\/v2\/pages"}],"about":[{"href":"https:\/\/www.orthodontist-dubai.com\/de\/wp-json\/wp\/v2\/types\/page"}],"author":[{"embeddable":true,"href":"https:\/\/www.orthodontist-dubai.com\/de\/wp-json\/wp\/v2\/users\/1"}],"replies":[{"embeddable":true,"href":"https:\/\/www.orthodontist-dubai.com\/de\/wp-json\/wp\/v2\/comments?post=157"}],"version-history":[{"count":8,"href":"https:\/\/www.orthodontist-dubai.com\/de\/wp-json\/wp\/v2\/pages\/157\/revisions"}],"predecessor-version":[{"id":2129,"href":"https:\/\/www.orthodontist-dubai.com\/de\/wp-json\/wp\/v2\/pages\/157\/revisions\/2129"}],"wp:attachment":[{"href":"https:\/\/www.orthodontist-dubai.com\/de\/wp-json\/wp\/v2\/media?parent=157"}],"curies":[{"name":"wp","href":"https:\/\/api.w.org\/{rel}","templated":true}]}}