{"id":154,"date":"2015-04-15T06:53:45","date_gmt":"2015-04-15T06:53:45","guid":{"rendered":"https:\/\/www.orthodontist-dubai.com\/?page_id=154"},"modified":"2024-10-19T13:02:34","modified_gmt":"2024-10-19T09:02:34","slug":"dental-filling","status":"publish","type":"page","link":"https:\/\/www.orthodontist-dubai.com\/de\/zahnfullung\/","title":{"rendered":"Kosten f\u00fcr Zahnf\u00fcllungen in Dubai und Zahnf\u00fcllungsverfahren"},"content":{"rendered":"<p>Ein Zahnarzt <strong>F\u00fcllung<\/strong> wird von Ihnen erledigt <strong>Zahnarzt<\/strong> um durch Karies besch\u00e4digte Z\u00e4hne wieder in ihre normale Funktion und Form zu bringen. Die Kosten f\u00fcr eine Zahnf\u00fcllung beginnen in Dubai bei 400 AED pro Zahn.<br \/>\n<!--<a href=\"https:\/\/www.orthodontist-dubai.com\/clinic-reviews\/\"><img decoding=\"async\" class=\"aligncenter wp-image-346 size-full lazyload\" data-src=\"https:\/\/www.orthodontist-dubai.com\/wp-content\/uploads\/2014\/12\/banner-best2.jpg\" alt=\"Top dental clinic for dental filling in Dubai UAE\" width=\"795\" height=\"459\" src=\"data:image\/svg+xml;base64,PHN2ZyB3aWR0aD0iMSIgaGVpZ2h0PSIxIiB4bWxucz0iaHR0cDovL3d3dy53My5vcmcvMjAwMC9zdmciPjwvc3ZnPg==\" style=\"--smush-placeholder-width: 795px; --smush-placeholder-aspect-ratio: 795\/459;\"><\/a>--><br \/>\n<div id=\"metaslider-id-1219\" style=\"max-width: 700px; margin: 0 auto;\" class=\"ml-slider-3-108-0 metaslider metaslider-responsive metaslider-1219 ml-slider ms-theme-default\" role=\"region\" aria-label=\"Zahnf\u00fcllung\" data-height=\"400\" data-width=\"700\">\n    <div id=\"metaslider_container_1219\">\n        <ul id='metaslider_1219' class='rslides'>\n            <li aria-roledescription='slide' aria-labelledby='slide-0'><a href=\"https:\/\/www.orthodontist-dubai.com\/de\/kontaktiere-uns\/\" target=\"_self\"><img decoding=\"async\" data-src=\"https:\/\/www.orthodontist-dubai.com\/wp-content\/uploads\/2024\/01\/Inside-treatment-room-of-the-dental-clinic-in-Dubai-700x400.jpg\" height=\"400\" width=\"700\" alt=\"Im Behandlungsraum der Zahnklinik in Dubai\" class=\"slider-1219 slide-1224 msDefaultImage lazyload\" title=\"Im Behandlungsraum der Zahnklinik in Dubai\" src=\"data:image\/svg+xml;base64,PHN2ZyB3aWR0aD0iMSIgaGVpZ2h0PSIxIiB4bWxucz0iaHR0cDovL3d3dy53My5vcmcvMjAwMC9zdmciPjwvc3ZnPg==\" style=\"--smush-placeholder-width: 700px; --smush-placeholder-aspect-ratio: 700\/400;\" \/><\/a><\/li>\n            <li style='display: none;' aria-roledescription='slide' aria-labelledby='slide-1'><a href=\"https:\/\/www.orthodontist-dubai.com\/de\/kontaktiere-uns\/\" target=\"_self\"><img decoding=\"async\" data-src=\"https:\/\/www.orthodontist-dubai.com\/wp-content\/uploads\/2023\/10\/tooth-filling-cost-dubai-pic2-700x400.jpg\" height=\"400\" width=\"700\" alt=\"Zahnf\u00fcllungs-Zahnklinik im Empfangsraum von Dubai\" class=\"slider-1219 slide-1222 msDefaultImage lazyload\" title=\"Zahnf\u00fcllungs-Zahnklinik im Empfangsraum von Dubai\" src=\"data:image\/svg+xml;base64,PHN2ZyB3aWR0aD0iMSIgaGVpZ2h0PSIxIiB4bWxucz0iaHR0cDovL3d3dy53My5vcmcvMjAwMC9zdmciPjwvc3ZnPg==\" style=\"--smush-placeholder-width: 700px; --smush-placeholder-aspect-ratio: 700\/400;\" \/><\/a><\/li>\n            <li style='display: none;' aria-roledescription='slide' aria-labelledby='slide-2'><a href=\"https:\/\/www.orthodontist-dubai.com\/de\/kontaktiere-uns\/\" target=\"_self\"><img decoding=\"async\" data-src=\"https:\/\/www.orthodontist-dubai.com\/wp-content\/uploads\/2024\/01\/Patient-waiting-area-of-the-dental-clinic-in-Dubai-700x400.jpg\" height=\"400\" width=\"700\" alt=\"Patientenwartebereich der Zahnklinik in Dubai\" class=\"slider-1219 slide-2236 msDefaultImage lazyload\" title=\"Patientenwartebereich der Zahnklinik in Dubai\" src=\"data:image\/svg+xml;base64,PHN2ZyB3aWR0aD0iMSIgaGVpZ2h0PSIxIiB4bWxucz0iaHR0cDovL3d3dy53My5vcmcvMjAwMC9zdmciPjwvc3ZnPg==\" style=\"--smush-placeholder-width: 700px; --smush-placeholder-aspect-ratio: 700\/400;\" \/><\/a><\/li>\n            <li style='display: none;' aria-roledescription='slide' aria-labelledby='slide-3'><a href=\"https:\/\/www.orthodontist-dubai.com\/de\/kontaktiere-uns\/\" target=\"_self\"><img decoding=\"async\" data-src=\"https:\/\/www.orthodontist-dubai.com\/wp-content\/uploads\/2023\/10\/tooth-filling-cost-dubai-pic3-700x400.jpg\" height=\"400\" width=\"700\" alt=\"Zahnf\u00fcllungsklinik im Wartebereich f\u00fcr Patienten in Dubai, VAE\" class=\"slider-1219 slide-1223 msDefaultImage lazyload\" title=\"Zahnf\u00fcllungsklinik im Wartebereich f\u00fcr Patienten in Dubai, VAE\" src=\"data:image\/svg+xml;base64,PHN2ZyB3aWR0aD0iMSIgaGVpZ2h0PSIxIiB4bWxucz0iaHR0cDovL3d3dy53My5vcmcvMjAwMC9zdmciPjwvc3ZnPg==\" style=\"--smush-placeholder-width: 700px; --smush-placeholder-aspect-ratio: 700\/400;\" \/><\/a><\/li>\n        <\/ul>\n        \n    <\/div>\n<\/div>\nUm den Vorgang der Zahnf\u00fcllung einfacher zu erkl\u00e4ren: Das Zahnmaterial wird entfernt, Ihr Zahnarzt reinigt die Kavit\u00e4t und f\u00fcllt sie dann mit einem ausgew\u00e4hlten F\u00fcllmaterial. Somit wird weiterer Karies vorgebeugt, da Bakterien nicht eindringen k\u00f6nnen.<\/p>\n<h3>Hier finden Sie eine Schritt-f\u00fcr-Schritt-Erkl\u00e4rung, wie eine Zahnf\u00fcllungsbehandlung bei Ihrem Zahnarzt in Dubai durchgef\u00fchrt wird:<\/h3>\n<ol>\n<li>Bevor mit der Zahnf\u00fcllung begonnen wird, f\u00fchrt Ihr Zahnarzt eine Diagnose und Untersuchung Ihrer Z\u00e4hne durch und macht m\u00f6glicherweise R\u00f6ntgenaufnahmen, um den Grad der Karies in Ihrem Zahn festzustellen. Dies hilft bei der Planung der notwendigen Behandlung.<\/li>\n<li>Ihr Zahnarzt f\u00fchrt eine \u00f6rtliche Bet\u00e4ubung durch, um sicherzustellen, dass Sie sich w\u00e4hrend der Behandlung wohl f\u00fchlen und um die Schmerzen zu minimieren, indem der betroffene Zahn und die umliegenden Bereiche bet\u00e4ubt werden. Durch die verabreichte \u00f6rtliche Bet\u00e4ubung versp\u00fcren Sie weder Schwindel noch Schl\u00e4frigkeit. Es wird lediglich verabreicht, um sicherzustellen, dass Sie w\u00e4hrend der gesamten Behandlung keine Schmerzen versp\u00fcren.<\/li>\n<li>Ihr Zahnarzt legt einen Kofferdam um Ihren Zahn, um ihn w\u00e4hrend des F\u00fcllvorgangs zu isolieren (um ihn trocken und frei von Speichel zu halten) und sorgt so f\u00fcr eine saubere Arbeitsumgebung.<\/li>\n<li>Der Karies oder besch\u00e4digte Teil des Zahns wird von Ihrem Zahnarzt vorsichtig mit einem Zahnbohrer oder einem Laser entfernt, w\u00e4hrend der gesunde Teil Ihres Zahns erhalten bleibt.<\/li>\n<li>Nachdem Sie die Karies oder den besch\u00e4digten Teil des Zahns entfernt haben, beginnt Ihr Zahnarzt mit der Formung der Kavit\u00e4t auf der Grundlage des verwendeten F\u00fcllmaterials, um sie f\u00fcr den n\u00e4chsten Schritt vorzubereiten. Es gibt viele Arten von Zahnf\u00fcllungsmaterialien, wie zum Beispiel:\n<ul>\n<li><strong>Verbundharz:<\/strong> Dies ist ein zahnfarbenes Material und wird normalerweise f\u00fcr F\u00fcllungen in sichtbaren Bereichen des Mundes verwendet. Es wird schichtweise aufgetragen und mit einem speziellen Licht ausgeh\u00e4rtet. Dadurch entsteht ein sehr nat\u00fcrliches Aussehen.<\/li>\n<li><strong>Amalgam:<\/strong> Dabei handelt es sich um ein silberfarbenes Material, das aus einer Metallmischung besteht. Es ist sehr stark, verleiht aber kein nat\u00fcrliches Aussehen. Aufgrund des unnat\u00fcrlichen Aussehens wird es normalerweise f\u00fcr Backenz\u00e4hne verwendet.<\/li>\n<li><strong>Porzellan\/Keramik:<\/strong> Diese sehen sehr nat\u00fcrlich aus und sorgen f\u00fcr ein \u00e4sthetisch ansprechendes Finish. Sie sind auch sehr langlebig. Diese werden in Dentallaboren nach Ma\u00df gefertigt.<\/li>\n<li><strong>Glasionomer:<\/strong> Dies wird in Bereichen mit minimalem Kaudruck eingesetzt. Da es Fluorid freisetzt, hilft es, weitere Karies zu verhindern. Sie werden normalerweise zum F\u00fcllen sehr kleiner Fl\u00e4chen verwendet.<\/li>\n<li><strong>Gold:<\/strong> Goldf\u00fcllungen waren fr\u00fcher beliebt. Heutzutage sind sie jedoch weniger beliebt, da sie kein nat\u00fcrliches Aussehen verleihen, obwohl sie sehr langlebig sind und sehr lange halten.<\/li>\n<\/ul>\n<\/li>\n<li>Das vom Patienten gew\u00e4hlte F\u00fcllmaterial wird von Ihrem Zahnarzt in die vorbereitete Kavit\u00e4t eingebracht.<\/li>\n<li>Nachdem das F\u00fcllmaterial platziert wurde, wird Ihr Zahnarzt es je nach Bedarf weiter formen und polieren, um sicherzustellen, dass es glatt ist, mit den umgebenden Z\u00e4hnen verschmilzt und ihm ein nat\u00fcrliches Aussehen verleiht.<\/li>\n<li>Ihr Zahnarzt pr\u00fcft, ob die F\u00fcllung Ihren nat\u00fcrlichen Biss nicht beeintr\u00e4chtigt und stellt sicher, dass sie sich angenehm anf\u00fchlt.<\/li>\n<li>Sobald der Kofferdam entfernt ist, reinigt Ihr Zahnarzt den Zahn und seine Umgebung, um zu beurteilen, ob die F\u00fcllung richtig passt.<\/li>\n<\/ol>\n<p>Die gesamte Zahnf\u00fcllung in Dubai dauert weniger als eine Stunde. Nach der Zahnf\u00fcllung kann es f\u00fcr einige Zeit zu einem leichten Taubheitsgef\u00fchl kommen. Aber schon bald nach der Zahnf\u00fcllung k\u00f6nnen Sie Ihren normalen Alltagsaktivit\u00e4ten wieder nachgehen. Befolgen Sie unbedingt die Ratschl\u00e4ge Ihres Zahnarztes zur Pflege nach dem Eingriff und f\u00fchren Sie bei Bedarf Nachuntersuchungen durch. Wie immer empfohlen, ist es auch wichtig, eine gute Mundhygiene aufrechtzuerhalten, um zuk\u00fcnftige Zahnprobleme zu vermeiden. <a href=\"https:\/\/www.orthodontist-dubai.com\/de\/kontaktiere-uns\/\">Kontaktiere uns<\/a> f\u00fcr eine KOSTENLOSE kostenlose Beratung f\u00fcr Ihre Zahnf\u00fcllung in Dubai in unserer Zahnklinik.<\/p>\n<p><img decoding=\"async\" class=\"aligncenter size-full wp-image-2169 lazyload\" data-src=\"https:\/\/www.orthodontist-dubai.com\/wp-content\/uploads\/2023\/11\/types-of-tooth-filling-in-Dubai-UAE.jpg\" alt=\"Arten der Zahnf\u00fcllung in Dubai, Vereinigte Arabische Emirate\" width=\"672\" height=\"300\" data-srcset=\"https:\/\/www.orthodontist-dubai.com\/wp-content\/uploads\/2023\/11\/types-of-tooth-filling-in-Dubai-UAE.jpg 672w, https:\/\/www.orthodontist-dubai.com\/wp-content\/uploads\/2023\/11\/types-of-tooth-filling-in-Dubai-UAE-300x134.jpg 300w, https:\/\/www.orthodontist-dubai.com\/wp-content\/uploads\/2023\/11\/types-of-tooth-filling-in-Dubai-UAE-18x8.jpg 18w\" data-sizes=\"(max-width: 672px) 100vw, 672px\" src=\"data:image\/svg+xml;base64,PHN2ZyB3aWR0aD0iMSIgaGVpZ2h0PSIxIiB4bWxucz0iaHR0cDovL3d3dy53My5vcmcvMjAwMC9zdmciPjwvc3ZnPg==\" style=\"--smush-placeholder-width: 672px; --smush-placeholder-aspect-ratio: 672\/300;\" \/><\/p>\n<p><img decoding=\"async\" class=\"aligncenter size-full wp-image-176 lazyload\" data-src=\"https:\/\/www.orthodontist-dubai.com\/wp-content\/uploads\/2015\/04\/dental-filling-dubai-UAE.jpg\" alt=\"Zahnf\u00fcllungen kosten in Dubai\" width=\"350\" height=\"366\" data-srcset=\"https:\/\/www.orthodontist-dubai.com\/wp-content\/uploads\/2015\/04\/dental-filling-dubai-UAE.jpg 350w, https:\/\/www.orthodontist-dubai.com\/wp-content\/uploads\/2015\/04\/dental-filling-dubai-UAE-287x300.jpg 287w\" data-sizes=\"(max-width: 350px) 100vw, 350px\" src=\"data:image\/svg+xml;base64,PHN2ZyB3aWR0aD0iMSIgaGVpZ2h0PSIxIiB4bWxucz0iaHR0cDovL3d3dy53My5vcmcvMjAwMC9zdmciPjwvc3ZnPg==\" style=\"--smush-placeholder-width: 350px; --smush-placeholder-aspect-ratio: 350\/366;\" \/><br \/>\n<img decoding=\"async\" class=\"aligncenter wp-image-1229 size-full lazyload\" data-src=\"https:\/\/www.orthodontist-dubai.com\/wp-content\/uploads\/2022\/04\/Dental-fillings-cost-Dubai.jpg\" alt=\"Zahnf\u00fcllungen kosten in Dubai\" width=\"1000\" height=\"297\" data-srcset=\"https:\/\/www.orthodontist-dubai.com\/wp-content\/uploads\/2022\/04\/Dental-fillings-cost-Dubai.jpg 1000w, https:\/\/www.orthodontist-dubai.com\/wp-content\/uploads\/2022\/04\/Dental-fillings-cost-Dubai-300x89.jpg 300w, https:\/\/www.orthodontist-dubai.com\/wp-content\/uploads\/2022\/04\/Dental-fillings-cost-Dubai-768x228.jpg 768w\" data-sizes=\"(max-width: 1000px) 100vw, 1000px\" src=\"data:image\/svg+xml;base64,PHN2ZyB3aWR0aD0iMSIgaGVpZ2h0PSIxIiB4bWxucz0iaHR0cDovL3d3dy53My5vcmcvMjAwMC9zdmciPjwvc3ZnPg==\" style=\"--smush-placeholder-width: 1000px; --smush-placeholder-aspect-ratio: 1000\/297;\" \/><br \/>\n<b>Die h\u00e4ufigsten Arten der Zahnf\u00fcllung, die in Dubai (VAE) bevorzugt werden, sind:<\/b><\/p>\n<ul>\n<li><b>Goldf\u00fcllungen<\/b><\/li>\n<li><b>F\u00fcllungen aus Amalgam (Silber).<\/b><\/li>\n<li><b>Verbundharze (Kunststoffe).<\/b> (Kann an die Farbe Ihres Originalzahns angepasst werden, um ein sehr nat\u00fcrliches Aussehen zu erzielen.)<\/li>\n<li><b>Porzellanf\u00fcllungen.<\/b><\/li>\n<\/ul>","protected":false},"excerpt":{"rendered":"<p>A dental filling is done by your dentist to restore tooth damaged by decay to its normal function and shape. Tooth filling cost in Dubai starts at 400 AED per tooth. To explain the tooth filling procedure in a simpler way, the tooth material is removed and your dentist cleans the cavity and then fills [&hellip;]<\/p>\n","protected":false},"author":1,"featured_media":0,"parent":0,"menu_order":0,"comment_status":"closed","ping_status":"closed","template":"","meta":{"site-sidebar-layout":"default","site-content-layout":"","ast-site-content-layout":"default","site-content-style":"default","site-sidebar-style":"default","ast-global-header-display":"","ast-banner-title-visibility":"","ast-main-header-display":"","ast-hfb-above-header-display":"","ast-hfb-below-header-display":"","ast-hfb-mobile-header-display":"","site-post-title":"","ast-breadcrumbs-content":"","ast-featured-img":"","footer-sml-layout":"","ast-disable-related-posts":"","theme-transparent-header-meta":"","adv-header-id-meta":"","stick-header-meta":"","header-above-stick-meta":"","header-main-stick-meta":"","header-below-stick-meta":"","astra-migrate-meta-layouts":"set","ast-page-background-enabled":"default","ast-page-background-meta":{"desktop":{"background-color":"var(--ast-global-color-4)","background-image":"","background-repeat":"repeat","background-position":"center center","background-size":"auto","background-attachment":"scroll","background-type":"","background-media":"","overlay-type":"","overlay-color":"","overlay-opacity":"","overlay-gradient":""},"tablet":{"background-color":"","background-image":"","background-repeat":"repeat","background-position":"center center","background-size":"auto","background-attachment":"scroll","background-type":"","background-media":"","overlay-type":"","overlay-color":"","overlay-opacity":"","overlay-gradient":""},"mobile":{"background-color":"","background-image":"","background-repeat":"repeat","background-position":"center center","background-size":"auto","background-attachment":"scroll","background-type":"","background-media":"","overlay-type":"","overlay-color":"","overlay-opacity":"","overlay-gradient":""}},"ast-content-background-meta":{"desktop":{"background-color":"var(--ast-global-color-5)","background-image":"","background-repeat":"repeat","background-position":"center center","background-size":"auto","background-attachment":"scroll","background-type":"","background-media":"","overlay-type":"","overlay-color":"","overlay-opacity":"","overlay-gradient":""},"tablet":{"background-color":"var(--ast-global-color-5)","background-image":"","background-repeat":"repeat","background-position":"center center","background-size":"auto","background-attachment":"scroll","background-type":"","background-media":"","overlay-type":"","overlay-color":"","overlay-opacity":"","overlay-gradient":""},"mobile":{"background-color":"var(--ast-global-color-5)","background-image":"","background-repeat":"repeat","background-position":"center center","background-size":"auto","background-attachment":"scroll","background-type":"","background-media":"","overlay-type":"","overlay-color":"","overlay-opacity":"","overlay-gradient":""}},"footnotes":""},"class_list":["post-154","page","type-page","status-publish","hentry"],"yoast_head":"<!-- This site is optimized with the Yoast SEO plugin v27.5 - https:\/\/yoast.com\/product\/yoast-seo-wordpress\/ -->\n<title>TOOTH FILLING COST IN DUBAI | TOOTH FILLING IN DUBAI<\/title>\n<meta name=\"robots\" content=\"index, follow, max-snippet:-1, max-image-preview:large, max-video-preview:-1\" \/>\n<link rel=\"canonical\" href=\"https:\/\/www.orthodontist-dubai.com\/de\/zahnfullung\/\" \/>\n<meta property=\"og:locale\" content=\"de_DE\" \/>\n<meta property=\"og:type\" content=\"article\" \/>\n<meta property=\"og:title\" content=\"TOOTH FILLING COST IN DUBAI | TOOTH FILLING IN DUBAI\" \/>\n<meta property=\"og:description\" content=\"A dental filling is done by your dentist to restore tooth damaged by decay to its normal function and shape. Tooth filling cost in Dubai starts at 400 AED per tooth. To explain the tooth filling procedure in a simpler way, the tooth material is removed and your dentist cleans the cavity and then fills [&hellip;]\" \/>\n<meta property=\"og:url\" content=\"https:\/\/www.orthodontist-dubai.com\/de\/zahnfullung\/\" \/>\n<meta property=\"og:site_name\" content=\"BEST Orthodontist &amp; Dentist in Dubai UAE for all Dental Treatments\" \/>\n<meta property=\"article:publisher\" content=\"https:\/\/www.facebook.com\/Orthodontist.Dentist.Dubai\/\" \/>\n<meta property=\"article:modified_time\" content=\"2024-10-19T09:02:34+00:00\" \/>\n<meta property=\"og:image\" content=\"https:\/\/www.orthodontist-dubai.com\/wp-content\/uploads\/2014\/12\/banner-best2.jpg\" \/>\n<meta name=\"twitter:card\" content=\"summary_large_image\" \/>\n<meta name=\"twitter:label1\" content=\"Gesch\u00e4tzte Lesezeit\" \/>\n\t<meta name=\"twitter:data1\" content=\"4\u00a0Minuten\" \/>\n<script type=\"application\/ld+json\" class=\"yoast-schema-graph\">{\"@context\":\"https:\\\/\\\/schema.org\",\"@graph\":[{\"@type\":\"WebPage\",\"@id\":\"https:\\\/\\\/www.orthodontist-dubai.com\\\/dental-filling\\\/\",\"url\":\"https:\\\/\\\/www.orthodontist-dubai.com\\\/dental-filling\\\/\",\"name\":\"TOOTH FILLING COST IN DUBAI | TOOTH FILLING IN DUBAI\",\"isPartOf\":{\"@id\":\"https:\\\/\\\/www.orthodontist-dubai.com\\\/#website\"},\"primaryImageOfPage\":{\"@id\":\"https:\\\/\\\/www.orthodontist-dubai.com\\\/dental-filling\\\/#primaryimage\"},\"image\":{\"@id\":\"https:\\\/\\\/www.orthodontist-dubai.com\\\/dental-filling\\\/#primaryimage\"},\"thumbnailUrl\":\"https:\\\/\\\/www.orthodontist-dubai.com\\\/wp-content\\\/uploads\\\/2014\\\/12\\\/banner-best2.jpg\",\"datePublished\":\"2015-04-15T06:53:45+00:00\",\"dateModified\":\"2024-10-19T09:02:34+00:00\",\"breadcrumb\":{\"@id\":\"https:\\\/\\\/www.orthodontist-dubai.com\\\/dental-filling\\\/#breadcrumb\"},\"inLanguage\":\"de\",\"potentialAction\":[{\"@type\":\"ReadAction\",\"target\":[\"https:\\\/\\\/www.orthodontist-dubai.com\\\/dental-filling\\\/\"]}]},{\"@type\":\"ImageObject\",\"inLanguage\":\"de\",\"@id\":\"https:\\\/\\\/www.orthodontist-dubai.com\\\/dental-filling\\\/#primaryimage\",\"url\":\"https:\\\/\\\/www.orthodontist-dubai.com\\\/wp-content\\\/uploads\\\/2014\\\/12\\\/banner-best2.jpg\",\"contentUrl\":\"https:\\\/\\\/www.orthodontist-dubai.com\\\/wp-content\\\/uploads\\\/2014\\\/12\\\/banner-best2.jpg\"},{\"@type\":\"BreadcrumbList\",\"@id\":\"https:\\\/\\\/www.orthodontist-dubai.com\\\/dental-filling\\\/#breadcrumb\",\"itemListElement\":[{\"@type\":\"ListItem\",\"position\":1,\"name\":\"\u2776 Home\",\"item\":\"https:\\\/\\\/www.orthodontist-dubai.com\\\/\"},{\"@type\":\"ListItem\",\"position\":2,\"name\":\"Tooth filling cost in Dubai &amp; Tooth filling procedure\"}]},{\"@type\":\"WebSite\",\"@id\":\"https:\\\/\\\/www.orthodontist-dubai.com\\\/#website\",\"url\":\"https:\\\/\\\/www.orthodontist-dubai.com\\\/\",\"name\":\"BEST Orthodontist &amp; Dentist in Dubai UAE for all Dental Treatments\",\"description\":\"Cheap &amp; Best Orthodontist &amp; Dentists for all dental treatments in Dubai UAE\",\"publisher\":{\"@id\":\"https:\\\/\\\/www.orthodontist-dubai.com\\\/#organization\"},\"potentialAction\":[{\"@type\":\"SearchAction\",\"target\":{\"@type\":\"EntryPoint\",\"urlTemplate\":\"https:\\\/\\\/www.orthodontist-dubai.com\\\/?s={search_term_string}\"},\"query-input\":{\"@type\":\"PropertyValueSpecification\",\"valueRequired\":true,\"valueName\":\"search_term_string\"}}],\"inLanguage\":\"de\"},{\"@type\":\"Organization\",\"@id\":\"https:\\\/\\\/www.orthodontist-dubai.com\\\/#organization\",\"name\":\"Best Orthodontist & Dentist in Dubai UAE\",\"url\":\"https:\\\/\\\/www.orthodontist-dubai.com\\\/\",\"logo\":{\"@type\":\"ImageObject\",\"inLanguage\":\"de\",\"@id\":\"https:\\\/\\\/www.orthodontist-dubai.com\\\/#\\\/schema\\\/logo\\\/image\\\/\",\"url\":\"https:\\\/\\\/www.orthodontist-dubai.com\\\/wp-content\\\/uploads\\\/2015\\\/04\\\/Othorontist-Dentist-UAE-Logo.png\",\"contentUrl\":\"https:\\\/\\\/www.orthodontist-dubai.com\\\/wp-content\\\/uploads\\\/2015\\\/04\\\/Othorontist-Dentist-UAE-Logo.png\",\"width\":190,\"height\":70,\"caption\":\"Best Orthodontist & Dentist in Dubai UAE\"},\"image\":{\"@id\":\"https:\\\/\\\/www.orthodontist-dubai.com\\\/#\\\/schema\\\/logo\\\/image\\\/\"},\"sameAs\":[\"https:\\\/\\\/www.facebook.com\\\/Orthodontist.Dentist.Dubai\\\/\",\"https:\\\/\\\/www.linkedin.com\\\/in\\\/dr-nazeer-ahmed-meeran-15691083\\\/\"]}]}<\/script>\n<!-- \/ Yoast SEO plugin. -->","yoast_head_json":{"title":"Kosten f\u00fcr Zahnf\u00fcllungen in Dubai | Zahnf\u00fcllungen in Dubai","robots":{"index":"index","follow":"follow","max-snippet":"max-snippet:-1","max-image-preview":"max-image-preview:large","max-video-preview":"max-video-preview:-1"},"canonical":"https:\/\/www.orthodontist-dubai.com\/de\/zahnfullung\/","og_locale":"de_DE","og_type":"article","og_title":"TOOTH FILLING COST IN DUBAI | TOOTH FILLING IN DUBAI","og_description":"A dental filling is done by your dentist to restore tooth damaged by decay to its normal function and shape. Tooth filling cost in Dubai starts at 400 AED per tooth. To explain the tooth filling procedure in a simpler way, the tooth material is removed and your dentist cleans the cavity and then fills [&hellip;]","og_url":"https:\/\/www.orthodontist-dubai.com\/de\/zahnfullung\/","og_site_name":"BEST Orthodontist &amp; Dentist in Dubai UAE for all Dental Treatments","article_publisher":"https:\/\/www.facebook.com\/Orthodontist.Dentist.Dubai\/","article_modified_time":"2024-10-19T09:02:34+00:00","og_image":[{"url":"https:\/\/www.orthodontist-dubai.com\/wp-content\/uploads\/2014\/12\/banner-best2.jpg","type":"","width":"","height":""}],"twitter_card":"summary_large_image","twitter_misc":{"Gesch\u00e4tzte Lesezeit":"4\u00a0Minuten"},"schema":{"@context":"https:\/\/schema.org","@graph":[{"@type":"WebPage","@id":"https:\/\/www.orthodontist-dubai.com\/dental-filling\/","url":"https:\/\/www.orthodontist-dubai.com\/dental-filling\/","name":"Kosten f\u00fcr Zahnf\u00fcllungen in Dubai | Zahnf\u00fcllungen in Dubai","isPartOf":{"@id":"https:\/\/www.orthodontist-dubai.com\/#website"},"primaryImageOfPage":{"@id":"https:\/\/www.orthodontist-dubai.com\/dental-filling\/#primaryimage"},"image":{"@id":"https:\/\/www.orthodontist-dubai.com\/dental-filling\/#primaryimage"},"thumbnailUrl":"https:\/\/www.orthodontist-dubai.com\/wp-content\/uploads\/2014\/12\/banner-best2.jpg","datePublished":"2015-04-15T06:53:45+00:00","dateModified":"2024-10-19T09:02:34+00:00","breadcrumb":{"@id":"https:\/\/www.orthodontist-dubai.com\/dental-filling\/#breadcrumb"},"inLanguage":"de","potentialAction":[{"@type":"ReadAction","target":["https:\/\/www.orthodontist-dubai.com\/dental-filling\/"]}]},{"@type":"ImageObject","inLanguage":"de","@id":"https:\/\/www.orthodontist-dubai.com\/dental-filling\/#primaryimage","url":"https:\/\/www.orthodontist-dubai.com\/wp-content\/uploads\/2014\/12\/banner-best2.jpg","contentUrl":"https:\/\/www.orthodontist-dubai.com\/wp-content\/uploads\/2014\/12\/banner-best2.jpg"},{"@type":"BreadcrumbList","@id":"https:\/\/www.orthodontist-dubai.com\/dental-filling\/#breadcrumb","itemListElement":[{"@type":"ListItem","position":1,"name":"\u2776 Home","item":"https:\/\/www.orthodontist-dubai.com\/"},{"@type":"ListItem","position":2,"name":"Tooth filling cost in Dubai &amp; Tooth filling procedure"}]},{"@type":"WebSite","@id":"https:\/\/www.orthodontist-dubai.com\/#website","url":"https:\/\/www.orthodontist-dubai.com\/","name":"BESTER Kieferorthop\u00e4de und Zahnarzt in Dubai VAE f\u00fcr alle Zahnbehandlungen","description":"G\u00fcnstiger und bester Kieferorthop\u00e4de und Zahn\u00e4rzte f\u00fcr alle Zahnbehandlungen in Dubai, Vereinigte Arabische Emirate","publisher":{"@id":"https:\/\/www.orthodontist-dubai.com\/#organization"},"potentialAction":[{"@type":"SearchAction","target":{"@type":"EntryPoint","urlTemplate":"https:\/\/www.orthodontist-dubai.com\/?s={search_term_string}"},"query-input":{"@type":"PropertyValueSpecification","valueRequired":true,"valueName":"search_term_string"}}],"inLanguage":"de"},{"@type":"Organization","@id":"https:\/\/www.orthodontist-dubai.com\/#organization","name":"Bester Kieferorthop\u00e4de &amp; Zahnarzt in Dubai VAE","url":"https:\/\/www.orthodontist-dubai.com\/","logo":{"@type":"ImageObject","inLanguage":"de","@id":"https:\/\/www.orthodontist-dubai.com\/#\/schema\/logo\/image\/","url":"https:\/\/www.orthodontist-dubai.com\/wp-content\/uploads\/2015\/04\/Othorontist-Dentist-UAE-Logo.png","contentUrl":"https:\/\/www.orthodontist-dubai.com\/wp-content\/uploads\/2015\/04\/Othorontist-Dentist-UAE-Logo.png","width":190,"height":70,"caption":"Best Orthodontist & Dentist in Dubai UAE"},"image":{"@id":"https:\/\/www.orthodontist-dubai.com\/#\/schema\/logo\/image\/"},"sameAs":["https:\/\/www.facebook.com\/Orthodontist.Dentist.Dubai\/","https:\/\/www.linkedin.com\/in\/dr-nazeer-ahmed-meeran-15691083\/"]}]}},"_links":{"self":[{"href":"https:\/\/www.orthodontist-dubai.com\/de\/wp-json\/wp\/v2\/pages\/154","targetHints":{"allow":["GET"]}}],"collection":[{"href":"https:\/\/www.orthodontist-dubai.com\/de\/wp-json\/wp\/v2\/pages"}],"about":[{"href":"https:\/\/www.orthodontist-dubai.com\/de\/wp-json\/wp\/v2\/types\/page"}],"author":[{"embeddable":true,"href":"https:\/\/www.orthodontist-dubai.com\/de\/wp-json\/wp\/v2\/users\/1"}],"replies":[{"embeddable":true,"href":"https:\/\/www.orthodontist-dubai.com\/de\/wp-json\/wp\/v2\/comments?post=154"}],"version-history":[{"count":36,"href":"https:\/\/www.orthodontist-dubai.com\/de\/wp-json\/wp\/v2\/pages\/154\/revisions"}],"predecessor-version":[{"id":2291,"href":"https:\/\/www.orthodontist-dubai.com\/de\/wp-json\/wp\/v2\/pages\/154\/revisions\/2291"}],"wp:attachment":[{"href":"https:\/\/www.orthodontist-dubai.com\/de\/wp-json\/wp\/v2\/media?parent=154"}],"curies":[{"name":"wp","href":"https:\/\/api.w.org\/{rel}","templated":true}]}}